{"id":16046,"date":"2022-03-11T05:23:50","date_gmt":"2022-03-11T05:23:50","guid":{"rendered":"https:\/\/spongywonder.com\/product\/mk11-noseless-bike-seat-small-medium\/"},"modified":"2024-06-19T19:18:15","modified_gmt":"2024-06-19T19:18:15","slug":"sillin-de-bicicleta-sin-nariz-pequeno-mediano-mk11","status":"publish","type":"product","link":"https:\/\/spongywonder.com\/es\/producto\/sillin-de-bicicleta-sin-nariz-pequeno-mediano-mk11\/","title":{"rendered":"Sill\u00edn de Bicicleta Sin Nariz Peque\u00f1o\/Mediano MK11"},"content":{"rendered":"<p><strong>Los asientos para bicicleta sin nariz MK11 de Spongy Wonder Inc. son variantes personalizadas de nuestra serie MK10 y est\u00e1n dise\u00f1ados para\u00a0<\/strong><\/p>\n<ul>\n<li><strong>una abrazadera de tija de sill\u00edn de dos tornillos<\/strong><\/li>\n<li><strong>Abrazaderas de tija de sill\u00edn que requieren un marco de 7 mm.<\/strong><\/li>\n<li><strong>Abrazaderas de tija de sill\u00edn que se sujetan horizontalmente.<\/strong><\/li>\n<li><strong>Abrazaderas con soporte en U<\/strong><\/li>\n<li><strong>Bicicletas interiores Fancy-Ass (Spinners) y bicicletas est\u00e1ticas.\u00a0<\/strong><\/li>\n<li><strong>Bromptoms<\/strong><\/li>\n<\/ul>\n<p><strong>Al igual que con nuestros asientos para bicicletas sin nariz de la serie MK10, nuestros asientos para bicicletas sin nariz de la serie MK11 le brindan un viaje c\u00f3modo y listo para el rendimiento en dos tama\u00f1os ajustables seg\u00fan el ancho. Nuestros cojines reemplazables\/actualizables y una garant\u00eda de 15 a\u00f1os en todos los componentes estructurales brindan un viaje de por vida sin presi\u00f3n en la pr\u00f3stata, el perineo, el coxis y todo lo dem\u00e1s.\u00a0<\/strong><\/p>\n<p><strong>Agregue nuestras fundas de asiento de neopreno de calidad para buceadores con costura cu\u00e1druple, trenzadas y equipadas con velcro, y obtendr\u00e1 una superficie de interfaz adicional que le permitir\u00e1 personalizar la elecci\u00f3n de prendas, el estilo de viaje e incluso el clima.<\/strong><\/p>\n","protected":false},"excerpt":{"rendered":"<ul>\n<li>Cojines regulables y actualizables.<\/li>\n<li>15 a\u00f1os de garant\u00eda<\/li>\n<li>Maestros orfebres canadienses.\u00a0Materiales americanos avanzados.<\/li>\n<li>Presi\u00f3n cero en todos los vasos urol\u00f3gicos y neurol\u00f3gicos sensibles.<\/li>\n<li>Para bicicletas de interior (ejercicio y Spinners), para abrazaderas de tija de sill\u00edn que usan 2 tornillos, para abrazaderas de tija de sill\u00edn que llevan un riel de 7 mm, para Brompton.<\/li>\n<\/ul>\n","protected":false},"featured_media":15842,"template":"","meta":{"_mi_skip_tracking":false,"_monsterinsights_sitenote_active":false,"_monsterinsights_sitenote_note":"","_monsterinsights_sitenote_category":0},"product_brand":[],"product_cat":[168],"product_tag":[169,102,148,157],"class_list":{"0":"post-16046","1":"product","2":"type-product","3":"status-publish","4":"has-post-thumbnail","6":"product_cat-mk11-small-medium-es","7":"product_tag-mk11-noseless-bike-seat-small-medium-es","8":"product_tag-noseless-bicycle-seat","9":"product_tag-prostate-friendly-bicycle-seat-es","10":"product_tag-spongy-wonder-noseless-bike-seat-es","12":"first","13":"instock","14":"featured","15":"taxable","16":"shipping-taxable","17":"purchasable","18":"product-type-simple"},"yoast_head":"<!-- This site is optimized with the Yoast SEO Premium plugin v27.3 (Yoast SEO v27.4) - https:\/\/yoast.com\/product\/yoast-seo-premium-wordpress\/ -->\n<title>Sill\u00edn de Bicicleta Sin Nariz Peque\u00f1o\/Mediano MK11 -<\/title>\n<meta name=\"robots\" content=\"noindex, follow\" \/>\n<meta property=\"og:locale\" content=\"es_ES\" \/>\n<meta property=\"og:type\" content=\"article\" \/>\n<meta property=\"og:title\" content=\"Sill\u00edn de Bicicleta Sin Nariz Peque\u00f1o\/Mediano MK11\" \/>\n<meta property=\"og:description\" content=\"Cojines regulables y actualizables.  15 a\u00f1os de garant\u00eda  Maestros orfebres canadienses.\u00a0Materiales americanos avanzados.  Presi\u00f3n cero en todos los vasos urol\u00f3gicos y neurol\u00f3gicos sensibles.  Para bicicletas de interior (ejercicio y Spinners), para abrazaderas de tija de sill\u00edn que usan 2 tornillos, para abrazaderas de tija de sill\u00edn que llevan un riel de 7 mm, para Brompton.\" \/>\n<meta property=\"og:url\" content=\"https:\/\/spongywonder.com\/producto\/noseless-bike-seat-mk11-s-m\/\" \/>\n<meta property=\"og:site_name\" content=\"Spongy Wonder Noseless Bicycle Seat\" \/>\n<meta property=\"article:modified_time\" content=\"2024-06-19T19:18:15+00:00\" \/>\n<meta property=\"og:image\" content=\"https:\/\/spongywonder.com\/wp-content\/uploads\/2023\/08\/BikeSeat-Smaller-1.jpg\" \/>\n\t<meta property=\"og:image:width\" content=\"300\" \/>\n\t<meta property=\"og:image:height\" content=\"200\" \/>\n\t<meta property=\"og:image:type\" content=\"image\/jpeg\" \/>\n<meta name=\"twitter:card\" content=\"summary_large_image\" \/>\n<meta name=\"twitter:label1\" content=\"Precio\" \/>\n\t<meta name=\"twitter:data1\" content=\"&#036;160.99\" \/>\n\t<meta name=\"twitter:label2\" content=\"Disponibilidad\" \/>\n\t<meta name=\"twitter:data2\" content=\"Disponible\" \/>\n<script type=\"application\/ld+json\" class=\"yoast-schema-graph\">{\"@context\":\"https:\\\/\\\/schema.org\",\"@graph\":[{\"@type\":\"WebPage\",\"@id\":\"https:\\\/\\\/spongywonder.com\\\/producto\\\/noseless-bike-seat-mk11-s-m\\\/\",\"url\":\"https:\\\/\\\/spongywonder.com\\\/producto\\\/noseless-bike-seat-mk11-s-m\\\/\",\"name\":\"Sill\u00edn de Bicicleta Sin Nariz Peque\u00f1o\\\/Mediano MK11 -\",\"isPartOf\":{\"@id\":\"https:\\\/\\\/spongywonder.com\\\/#website\"},\"primaryImageOfPage\":{\"@id\":\"https:\\\/\\\/spongywonder.com\\\/producto\\\/noseless-bike-seat-mk11-s-m\\\/#primaryimage\"},\"image\":{\"@id\":\"https:\\\/\\\/spongywonder.com\\\/producto\\\/noseless-bike-seat-mk11-s-m\\\/#primaryimage\"},\"thumbnailUrl\":\"https:\\\/\\\/spongywonder.com\\\/wp-content\\\/uploads\\\/2023\\\/08\\\/BikeSeat-Smaller-1.jpg\",\"datePublished\":\"2022-03-11T05:23:50+00:00\",\"dateModified\":\"2024-06-19T19:18:15+00:00\",\"breadcrumb\":{\"@id\":\"https:\\\/\\\/spongywonder.com\\\/producto\\\/noseless-bike-seat-mk11-s-m\\\/#breadcrumb\"},\"inLanguage\":\"es\",\"potentialAction\":[{\"@type\":\"ReadAction\",\"target\":[\"https:\\\/\\\/spongywonder.com\\\/producto\\\/noseless-bike-seat-mk11-s-m\\\/\"]}]},{\"@type\":\"ImageObject\",\"inLanguage\":\"es\",\"@id\":\"https:\\\/\\\/spongywonder.com\\\/producto\\\/noseless-bike-seat-mk11-s-m\\\/#primaryimage\",\"url\":\"https:\\\/\\\/spongywonder.com\\\/wp-content\\\/uploads\\\/2023\\\/08\\\/BikeSeat-Smaller-1.jpg\",\"contentUrl\":\"https:\\\/\\\/spongywonder.com\\\/wp-content\\\/uploads\\\/2023\\\/08\\\/BikeSeat-Smaller-1.jpg\",\"width\":300,\"height\":200,\"caption\":\"El sill\u00edn de bicicleta sin nariz de Spongy Wonder - o un sill\u00edn antiprost\u00e1tico es un sill\u00edn de bicicleta perfecto para hombres\"},{\"@type\":\"BreadcrumbList\",\"@id\":\"https:\\\/\\\/spongywonder.com\\\/producto\\\/noseless-bike-seat-mk11-s-m\\\/#breadcrumb\",\"itemListElement\":[{\"@type\":\"ListItem\",\"position\":1,\"name\":\"Home\",\"item\":\"https:\\\/\\\/spongywonder.com\\\/es\\\/\"},{\"@type\":\"ListItem\",\"position\":2,\"name\":\"Products\",\"item\":\"https:\\\/\\\/spongywonder.com\\\/shop__trashed\\\/\"},{\"@type\":\"ListItem\",\"position\":3,\"name\":\"Sill\u00edn de Bicicleta Sin Nariz Peque\u00f1o\\\/Mediano MK11\"}]},{\"@type\":\"WebSite\",\"@id\":\"https:\\\/\\\/spongywonder.com\\\/#website\",\"url\":\"https:\\\/\\\/spongywonder.com\\\/\",\"name\":\"Spongy Wonder Noseless Bicycle Seat\",\"description\":\"Whether you&#039;re a casual rider or a dedicated cyclist, the Spongy Wonder Noseless Bicycle Seat can make your journeys more pleasant, reduce the risk of chafing and soreness, and help you stay in the saddle longer. Say goodbye to discomfort and hello to a new level of riding comfort with the Spongy Wonder Noseless Bicycle Seat.\",\"publisher\":{\"@id\":\"https:\\\/\\\/spongywonder.com\\\/#organization\"},\"alternateName\":\"Spongy Wonder Bicycle Seat\",\"potentialAction\":[{\"@type\":\"SearchAction\",\"target\":{\"@type\":\"EntryPoint\",\"urlTemplate\":\"https:\\\/\\\/spongywonder.com\\\/?s={search_term_string}\"},\"query-input\":{\"@type\":\"PropertyValueSpecification\",\"valueRequired\":true,\"valueName\":\"search_term_string\"}}],\"inLanguage\":\"es\"},{\"@type\":\"Organization\",\"@id\":\"https:\\\/\\\/spongywonder.com\\\/#organization\",\"name\":\"Spongy Wonder Noseless Bicycle Seat\",\"alternateName\":\"Spongy Wonder Bicycle Seat\",\"url\":\"https:\\\/\\\/spongywonder.com\\\/\",\"logo\":{\"@type\":\"ImageObject\",\"inLanguage\":\"es\",\"@id\":\"https:\\\/\\\/spongywonder.com\\\/#\\\/schema\\\/logo\\\/image\\\/\",\"url\":\"https:\\\/\\\/spongywonder.com\\\/wp-content\\\/uploads\\\/2023\\\/08\\\/Logo_SM_WP.png\",\"contentUrl\":\"https:\\\/\\\/spongywonder.com\\\/wp-content\\\/uploads\\\/2023\\\/08\\\/Logo_SM_WP.png\",\"width\":315,\"height\":52,\"caption\":\"Spongy Wonder Noseless Bicycle Seat\"},\"image\":{\"@id\":\"https:\\\/\\\/spongywonder.com\\\/#\\\/schema\\\/logo\\\/image\\\/\"}}]}<\/script>\n<meta property=\"product:price:amount\" content=\"160.99\" \/>\n<meta property=\"product:price:currency\" content=\"CAD\" \/>\n<meta property=\"og:availability\" content=\"instock\" \/>\n<meta property=\"product:availability\" content=\"instock\" \/>\n<meta property=\"product:retailer_item_id\" content=\"mk11-sm-med-noseless-bike-seat\" \/>\n<meta property=\"product:condition\" content=\"new\" \/>\n<!-- \/ Yoast SEO Premium plugin. -->","yoast_head_json":{"title":"Sill\u00edn de Bicicleta Sin Nariz Peque\u00f1o\/Mediano MK11 -","robots":{"index":"noindex","follow":"follow"},"og_locale":"es_ES","og_type":"article","og_title":"Sill\u00edn de Bicicleta Sin Nariz Peque\u00f1o\/Mediano MK11","og_description":"Cojines regulables y actualizables.  15 a\u00f1os de garant\u00eda  Maestros orfebres canadienses.\u00a0Materiales americanos avanzados.  Presi\u00f3n cero en todos los vasos urol\u00f3gicos y neurol\u00f3gicos sensibles.  Para bicicletas de interior (ejercicio y Spinners), para abrazaderas de tija de sill\u00edn que usan 2 tornillos, para abrazaderas de tija de sill\u00edn que llevan un riel de 7 mm, para Brompton.","og_url":"https:\/\/spongywonder.com\/producto\/noseless-bike-seat-mk11-s-m\/","og_site_name":"Spongy Wonder Noseless Bicycle Seat","article_modified_time":"2024-06-19T19:18:15+00:00","og_image":[{"width":300,"height":200,"url":"https:\/\/spongywonder.com\/wp-content\/uploads\/2023\/08\/BikeSeat-Smaller-1.jpg","type":"image\/jpeg"}],"twitter_card":"summary_large_image","twitter_misc":{"Precio":"&#36;160.99","Disponibilidad":"Disponible"},"schema":{"@context":"https:\/\/schema.org","@graph":[{"@type":"WebPage","@id":"https:\/\/spongywonder.com\/producto\/noseless-bike-seat-mk11-s-m\/","url":"https:\/\/spongywonder.com\/producto\/noseless-bike-seat-mk11-s-m\/","name":"Sill\u00edn de Bicicleta Sin Nariz Peque\u00f1o\/Mediano MK11 -","isPartOf":{"@id":"https:\/\/spongywonder.com\/#website"},"primaryImageOfPage":{"@id":"https:\/\/spongywonder.com\/producto\/noseless-bike-seat-mk11-s-m\/#primaryimage"},"image":{"@id":"https:\/\/spongywonder.com\/producto\/noseless-bike-seat-mk11-s-m\/#primaryimage"},"thumbnailUrl":"https:\/\/spongywonder.com\/wp-content\/uploads\/2023\/08\/BikeSeat-Smaller-1.jpg","datePublished":"2022-03-11T05:23:50+00:00","dateModified":"2024-06-19T19:18:15+00:00","breadcrumb":{"@id":"https:\/\/spongywonder.com\/producto\/noseless-bike-seat-mk11-s-m\/#breadcrumb"},"inLanguage":"es","potentialAction":[{"@type":"ReadAction","target":["https:\/\/spongywonder.com\/producto\/noseless-bike-seat-mk11-s-m\/"]}]},{"@type":"ImageObject","inLanguage":"es","@id":"https:\/\/spongywonder.com\/producto\/noseless-bike-seat-mk11-s-m\/#primaryimage","url":"https:\/\/spongywonder.com\/wp-content\/uploads\/2023\/08\/BikeSeat-Smaller-1.jpg","contentUrl":"https:\/\/spongywonder.com\/wp-content\/uploads\/2023\/08\/BikeSeat-Smaller-1.jpg","width":300,"height":200,"caption":"El sill\u00edn de bicicleta sin nariz de Spongy Wonder - o un sill\u00edn antiprost\u00e1tico es un sill\u00edn de bicicleta perfecto para hombres"},{"@type":"BreadcrumbList","@id":"https:\/\/spongywonder.com\/producto\/noseless-bike-seat-mk11-s-m\/#breadcrumb","itemListElement":[{"@type":"ListItem","position":1,"name":"Home","item":"https:\/\/spongywonder.com\/es\/"},{"@type":"ListItem","position":2,"name":"Products","item":"https:\/\/spongywonder.com\/shop__trashed\/"},{"@type":"ListItem","position":3,"name":"Sill\u00edn de Bicicleta Sin Nariz Peque\u00f1o\/Mediano MK11"}]},{"@type":"WebSite","@id":"https:\/\/spongywonder.com\/#website","url":"https:\/\/spongywonder.com\/","name":"Spongy Wonder Noseless Bicycle Seat","description":"Whether you&#039;re a casual rider or a dedicated cyclist, the Spongy Wonder Noseless Bicycle Seat can make your journeys more pleasant, reduce the risk of chafing and soreness, and help you stay in the saddle longer. Say goodbye to discomfort and hello to a new level of riding comfort with the Spongy Wonder Noseless Bicycle Seat.","publisher":{"@id":"https:\/\/spongywonder.com\/#organization"},"alternateName":"Spongy Wonder Bicycle Seat","potentialAction":[{"@type":"SearchAction","target":{"@type":"EntryPoint","urlTemplate":"https:\/\/spongywonder.com\/?s={search_term_string}"},"query-input":{"@type":"PropertyValueSpecification","valueRequired":true,"valueName":"search_term_string"}}],"inLanguage":"es"},{"@type":"Organization","@id":"https:\/\/spongywonder.com\/#organization","name":"Spongy Wonder Noseless Bicycle Seat","alternateName":"Spongy Wonder Bicycle Seat","url":"https:\/\/spongywonder.com\/","logo":{"@type":"ImageObject","inLanguage":"es","@id":"https:\/\/spongywonder.com\/#\/schema\/logo\/image\/","url":"https:\/\/spongywonder.com\/wp-content\/uploads\/2023\/08\/Logo_SM_WP.png","contentUrl":"https:\/\/spongywonder.com\/wp-content\/uploads\/2023\/08\/Logo_SM_WP.png","width":315,"height":52,"caption":"Spongy Wonder Noseless Bicycle Seat"},"image":{"@id":"https:\/\/spongywonder.com\/#\/schema\/logo\/image\/"}}]},"product_price_amount":"160.99","product_price_currency":"CAD","og_availability":"instock","product_availability":"instock","product_retailer_item_id":"mk11-sm-med-noseless-bike-seat","product_condition":"new"},"_links":{"self":[{"href":"https:\/\/spongywonder.com\/es\/wp-json\/wp\/v2\/product\/16046","targetHints":{"allow":["GET"]}}],"collection":[{"href":"https:\/\/spongywonder.com\/es\/wp-json\/wp\/v2\/product"}],"about":[{"href":"https:\/\/spongywonder.com\/es\/wp-json\/wp\/v2\/types\/product"}],"wp:featuredmedia":[{"embeddable":true,"href":"https:\/\/spongywonder.com\/es\/wp-json\/wp\/v2\/media\/15842"}],"wp:attachment":[{"href":"https:\/\/spongywonder.com\/es\/wp-json\/wp\/v2\/media?parent=16046"}],"wp:term":[{"taxonomy":"product_brand","embeddable":true,"href":"https:\/\/spongywonder.com\/es\/wp-json\/wp\/v2\/product_brand?post=16046"},{"taxonomy":"product_cat","embeddable":true,"href":"https:\/\/spongywonder.com\/es\/wp-json\/wp\/v2\/product_cat?post=16046"},{"taxonomy":"product_tag","embeddable":true,"href":"https:\/\/spongywonder.com\/es\/wp-json\/wp\/v2\/product_tag?post=16046"}],"curies":[{"name":"wp","href":"https:\/\/api.w.org\/{rel}","templated":true}]}}