{"id":15979,"date":"2024-07-03T23:41:49","date_gmt":"2024-07-03T23:41:49","guid":{"rendered":"https:\/\/spongywonder.com\/contact-ergonomic-bike-seat\/"},"modified":"2025-03-30T22:07:02","modified_gmt":"2025-03-30T22:07:02","slug":"contactez-selle-de-velo-ergonomique","status":"publish","type":"page","link":"https:\/\/spongywonder.com\/fr\/contactez-selle-de-velo-ergonomique\/","title":{"rendered":"Contactez"},"content":{"rendered":"<p><div class=\"fusion-fullwidth fullwidth-box fusion-builder-row-1 fusion-flex-container has-pattern-background has-mask-background nonhundred-percent-fullwidth non-hundred-percent-height-scrolling\" style=\"--awb-border-radius-top-left:0px;--awb-border-radius-top-right:0px;--awb-border-radius-bottom-right:0px;--awb-border-radius-bottom-left:0px;--awb-flex-wrap:wrap;\" ><div class=\"fusion-builder-row fusion-row fusion-flex-align-items-flex-start fusion-flex-content-wrap\" style=\"max-width:1248px;margin-left: calc(-4% \/ 2 );margin-right: calc(-4% \/ 2 );\"><div class=\"fusion-layout-column fusion_builder_column fusion-builder-column-0 fusion_builder_column_1_2 1_2 fusion-flex-column\" style=\"--awb-bg-size:cover;--awb-width-large:50%;--awb-margin-top-large:0px;--awb-spacing-right-large:3.84%;--awb-margin-bottom-large:20px;--awb-spacing-left-large:3.84%;--awb-width-medium:50%;--awb-order-medium:0;--awb-spacing-right-medium:3.84%;--awb-spacing-left-medium:3.84%;--awb-width-small:100%;--awb-order-small:0;--awb-spacing-right-small:1.92%;--awb-spacing-left-small:1.92%;\"><div class=\"fusion-column-wrapper fusion-column-has-shadow fusion-flex-justify-content-flex-start fusion-content-layout-column\"><ul style=\"--awb-line-height:27.2px;--awb-icon-width:27.2px;--awb-icon-height:27.2px;--awb-icon-margin:11.2px;--awb-content-margin:38.4px;--awb-circlecolor:var(--awb-color4);--awb-circle-yes-font-size:14.08px;\" class=\"fusion-checklist fusion-checklist-1 fusion-checklist-default type-icons\"><li class=\"fusion-li-item\" style=\"\"><span class=\"icon-wrapper circle-yes\"><i class=\"fusion-li-icon awb-icon-check\" aria-hidden=\"true\"><\/i><\/span><div class=\"fusion-li-item-content\">\n<div class=\"fusion-li-item-content\">\n<p>&nbsp;<\/p>\n<p><strong>Courriel\u00a0:\u00a0<\/strong><a href=\"mailto:jeff@spongywonder.com\" target=\"_blank\" rel=\"noopener noreferrer\">jeff@spongywonder.com<\/a><\/p>\n<p>&nbsp;<\/p>\n<p><strong>Bureau :<\/strong><br \/>\nSpongy Wonder Inc.<br \/>\n2, promenade Woodside<br \/>\nRiverview, NB<br \/>\nE1B 4G9, Canada<\/p>\n<\/div>\n<\/div><\/li><\/ul><\/div><\/div><div class=\"fusion-layout-column fusion_builder_column fusion-builder-column-1 fusion_builder_column_1_2 1_2 fusion-flex-column\" style=\"--awb-bg-size:cover;--awb-width-large:50%;--awb-margin-top-large:0px;--awb-spacing-right-large:3.84%;--awb-margin-bottom-large:20px;--awb-spacing-left-large:3.84%;--awb-width-medium:50%;--awb-order-medium:0;--awb-spacing-right-medium:3.84%;--awb-spacing-left-medium:3.84%;--awb-width-small:100%;--awb-order-small:0;--awb-spacing-right-small:1.92%;--awb-spacing-left-small:1.92%;\"><div class=\"fusion-column-wrapper fusion-column-has-shadow fusion-flex-justify-content-flex-start fusion-content-layout-column\"><div class=\"fusion-text fusion-text-1\"><div class=\"forminator-ui forminator-custom-form forminator-custom-form-16144 forminator-design--material  forminator_ajax\" data-forminator-render=\"0\" data-form=\"forminator-module-16144\" data-uid=\"69eaf67056dc0\"><br\/><\/div><form\n\t\t\t\tid=\"forminator-module-16144\"\n\t\t\t\tclass=\"forminator-ui forminator-custom-form forminator-custom-form-16144 forminator-design--material  forminator_ajax\"\n\t\t\t\tmethod=\"post\"\n\t\t\t\tdata-forminator-render=\"0\"\n\t\t\t\tdata-form-id=\"16144\"\n\t\t\t\t data-color-option=\"default\" data-design=\"material\" data-grid=\"open\" style=\"display: none;\"\n\t\t\t\tdata-uid=\"69eaf67056dc0\"\n\t\t\t><div role=\"alert\" aria-live=\"polite\" class=\"forminator-response-message forminator-error\" aria-hidden=\"true\"><\/div><div class=\"forminator-row\"><div id=\"text-1\" class=\"forminator-field-text forminator-col forminator-col-4 \"><div class=\"forminator-field\"><label for=\"forminator-field-text-1_69eaf67056dc0\" id=\"forminator-field-text-1_69eaf67056dc0-label\" class=\"forminator-label\">Nom<\/label><input type=\"text\" name=\"text-1\" value=\"\" placeholder=\"\" id=\"forminator-field-text-1_69eaf67056dc0\" class=\"forminator-input forminator-name--field\" data-required=\"\" \/><\/div><\/div><div id=\"text-2\" class=\"forminator-field-text forminator-col forminator-col-4 \"><div class=\"forminator-field\"><label for=\"forminator-field-text-2_69eaf67056dc0\" id=\"forminator-field-text-2_69eaf67056dc0-label\" class=\"forminator-label\">E-mail<\/label><input type=\"text\" name=\"text-2\" value=\"\" placeholder=\"\" id=\"forminator-field-text-2_69eaf67056dc0\" class=\"forminator-input forminator-name--field\" data-required=\"\" \/><\/div><\/div><div id=\"text-3\" class=\"forminator-field-text forminator-col forminator-col-4 \"><div class=\"forminator-field\"><label for=\"forminator-field-text-3_69eaf67056dc0\" id=\"forminator-field-text-3_69eaf67056dc0-label\" class=\"forminator-label\">T\u00e9l\u00e9phone<\/label><input type=\"text\" name=\"text-3\" value=\"\" placeholder=\"\" id=\"forminator-field-text-3_69eaf67056dc0\" class=\"forminator-input forminator-name--field\" data-required=\"\" \/><\/div><\/div><\/div><div class=\"forminator-row\"><div id=\"textarea-1\" class=\"forminator-field-textarea forminator-col forminator-col-12 \"><div class=\"forminator-field\"><label for=\"forminator-field-textarea-1_69eaf67056dc0\" id=\"forminator-field-textarea-1_69eaf67056dc0-label\" class=\"forminator-label\">Enqu\u00eate<\/label><textarea name=\"textarea-1\" placeholder=\"\" id=\"forminator-field-textarea-1_69eaf67056dc0\" class=\"forminator-textarea\" rows=\"6\" style=\"min-height:140px;\" ><\/textarea><\/div><\/div><\/div><div class=\"forminator-row\" style=\"margin: 0;\"><div id=\"captcha-1\" class=\"forminator-field-captcha  forminator-col-12 \"><div class=\"forminator-captcha-left forminator-g-recaptcha recaptcha-invisible\" data-theme=\"light\" data-badge=\"bottomright\" data-sitekey=\"6Ld0MKQlAAAAALg3LaWWp5o59osw34eZ-lZVZkDO\" data-size=\"invisible\"><\/div> <\/div><\/div><input type=\"hidden\" name=\"referer_url\" value=\"\" \/><div class=\"forminator-row forminator-row-last\"><div class=\"forminator-col\"><div class=\"forminator-field\"><button class=\"forminator-button forminator-button-submit\"><span>Envoyer le message<\/span><span aria-hidden=\"true\"><\/span><\/button><\/div><\/div><\/div><input type=\"hidden\" id=\"forminator_nonce\" name=\"forminator_nonce\" value=\"1a5bd7f938\" \/><input type=\"hidden\" name=\"_wp_http_referer\" value=\"\/fr\/wp-json\/wp\/v2\/pages\/15979\" \/><input type=\"hidden\" name=\"form_id\" value=\"16144\"><input type=\"hidden\" name=\"page_id\" value=\"15979\"><input type=\"hidden\" name=\"form_type\" value=\"default\"><input type=\"hidden\" name=\"current_url\" value=\"https:\/\/spongywonder.com\/fr\/contactez-selle-de-velo-ergonomique\/\"><input type=\"hidden\" name=\"render_id\" value=\"0\"><input type=\"hidden\" name=\"action\" value=\"forminator_submit_form_custom-forms\"><\/form>\n<\/div><\/div><\/div><\/div><\/div><div class=\"fusion-fullwidth fullwidth-box fusion-builder-row-2 fusion-flex-container has-pattern-background has-mask-background nonhundred-percent-fullwidth non-hundred-percent-height-scrolling\" style=\"--awb-border-radius-top-left:0px;--awb-border-radius-top-right:0px;--awb-border-radius-bottom-right:0px;--awb-border-radius-bottom-left:0px;--awb-flex-wrap:wrap;\" ><div class=\"fusion-builder-row fusion-row fusion-flex-align-items-flex-start fusion-flex-content-wrap\" style=\"max-width:1248px;margin-left: calc(-4% \/ 2 );margin-right: calc(-4% \/ 2 );\"><div class=\"fusion-layout-column fusion_builder_column fusion-builder-column-2 fusion_builder_column_1_1 1_1 fusion-flex-column\" style=\"--awb-bg-size:cover;--awb-width-large:100%;--awb-margin-top-large:0px;--awb-spacing-right-large:1.92%;--awb-margin-bottom-large:20px;--awb-spacing-left-large:1.92%;--awb-width-medium:100%;--awb-order-medium:0;--awb-spacing-right-medium:1.92%;--awb-spacing-left-medium:1.92%;--awb-width-small:100%;--awb-order-small:0;--awb-spacing-right-small:1.92%;--awb-spacing-left-small:1.92%;\"><div class=\"fusion-column-wrapper fusion-column-has-shadow fusion-flex-justify-content-flex-start fusion-content-layout-column\"><div class=\"fusion-image-element \" style=\"text-align:center;--awb-caption-title-font-family:var(--h2_typography-font-family);--awb-caption-title-font-weight:var(--h2_typography-font-weight);--awb-caption-title-font-style:var(--h2_typography-font-style);--awb-caption-title-size:var(--h2_typography-font-size);--awb-caption-title-transform:var(--h2_typography-text-transform);--awb-caption-title-line-height:var(--h2_typography-line-height);--awb-caption-title-letter-spacing:var(--h2_typography-letter-spacing);\"><span class=\" fusion-imageframe imageframe-none imageframe-1 hover-type-none\"><img decoding=\"async\" width=\"552\" height=\"675\" alt=\"Noseless bike saddle on an old school Trek commuter bike makes a smile from ear to ear. It&#039;s a prostate safe bike seat!\" title=\"Selle de v\u00e9lo sans nez sur un tr\u00e8s beau v\u00e9lo de banlieue.\" src=\"https:\/\/spongywonder.com\/wp-content\/uploads\/2023\/09\/IMG21.jpg\" class=\"img-responsive wp-image-14233\"\/><\/span><\/div><div class=\"fusion-separator fusion-full-width-sep\" style=\"align-self: center;margin-left: auto;margin-right: auto;margin-top:40px;width:100%;\"><\/div><div style=\"text-align:center;\"><a class=\"fusion-button button-flat fusion-button-default-size button-default fusion-button-default button-1 fusion-button-default-span fusion-button-default-type\" target=\"_self\" href=\"https:\/\/spongywonder.com\/fr\/#shop-online\"><span class=\"fusion-button-text awb-button__text awb-button__text--default\">Cliquez ici pour en finir avec le cauchemar de la selle de v\u00e9lo<\/span><\/a><\/div><\/div><\/div><\/div><\/div><\/p>\n","protected":false},"excerpt":{"rendered":"","protected":false},"author":4,"featured_media":15957,"parent":0,"menu_order":0,"comment_status":"closed","ping_status":"closed","template":"","meta":{"_mi_skip_tracking":false,"_monsterinsights_sitenote_active":false,"_monsterinsights_sitenote_note":"","_monsterinsights_sitenote_category":0,"footnotes":""},"class_list":["post-15979","page","type-page","status-publish","has-post-thumbnail","hentry"],"yoast_head":"<!-- This site is optimized with the Yoast SEO Premium plugin v27.3 (Yoast SEO v27.4) - https:\/\/yoast.com\/product\/yoast-seo-premium-wordpress\/ -->\n<title>Selle de v\u00e9lo ergonomique - contactez<\/title>\n<meta name=\"description\" content=\"Des questions sur la selle de v\u00e9lo ergonomique? Marre des douleurs li\u00e9es \u00e0 votre selle de v\u00e9lo ? R\u00e9ponses directeaupr\u00e8s du propri\u00e9taire!\" \/>\n<meta name=\"robots\" content=\"index, follow, max-snippet:-1, max-image-preview:large, max-video-preview:-1\" \/>\n<link rel=\"canonical\" href=\"https:\/\/spongywonder.com\/fr\/contactez-selle-de-velo-ergonomique\/\" \/>\n<meta property=\"og:locale\" content=\"fr_FR\" \/>\n<meta property=\"og:type\" content=\"article\" \/>\n<meta property=\"og:title\" content=\"Contactez\" \/>\n<meta property=\"og:description\" content=\"Des questions sur la selle de v\u00e9lo ergonomique? Marre des douleurs li\u00e9es \u00e0 votre selle de v\u00e9lo ? R\u00e9ponses directeaupr\u00e8s du propri\u00e9taire!\" \/>\n<meta property=\"og:url\" content=\"https:\/\/spongywonder.com\/fr\/contactez-selle-de-velo-ergonomique\/\" \/>\n<meta property=\"og:site_name\" content=\"La Selle De Velo Sans Bec Spongy Wonder\" \/>\n<meta property=\"article:modified_time\" content=\"2025-03-30T22:07:02+00:00\" \/>\n<meta property=\"og:image\" content=\"https:\/\/spongywonder.com\/wp-content\/uploads\/2024\/01\/16b2.jpeg\" \/>\n\t<meta property=\"og:image:width\" content=\"708\" \/>\n\t<meta property=\"og:image:height\" content=\"540\" \/>\n\t<meta property=\"og:image:type\" content=\"image\/jpeg\" \/>\n<meta name=\"twitter:card\" content=\"summary_large_image\" \/>\n<meta name=\"twitter:label1\" content=\"Dur\u00e9e de lecture estim\u00e9e\" \/>\n\t<meta name=\"twitter:data1\" content=\"1 minute\" \/>\n<script type=\"application\/ld+json\" class=\"yoast-schema-graph\">{\"@context\":\"https:\\\/\\\/schema.org\",\"@graph\":[{\"@type\":\"WebPage\",\"@id\":\"https:\\\/\\\/spongywonder.com\\\/fr\\\/contactez-selle-de-velo-ergonomique\\\/\",\"url\":\"https:\\\/\\\/spongywonder.com\\\/fr\\\/contactez-selle-de-velo-ergonomique\\\/\",\"name\":\"Selle de v\u00e9lo ergonomique - contactez\",\"isPartOf\":{\"@id\":\"https:\\\/\\\/spongywonder.com\\\/#website\"},\"primaryImageOfPage\":{\"@id\":\"https:\\\/\\\/spongywonder.com\\\/fr\\\/contactez-selle-de-velo-ergonomique\\\/#primaryimage\"},\"image\":{\"@id\":\"https:\\\/\\\/spongywonder.com\\\/fr\\\/contactez-selle-de-velo-ergonomique\\\/#primaryimage\"},\"thumbnailUrl\":\"https:\\\/\\\/spongywonder.com\\\/wp-content\\\/uploads\\\/2024\\\/01\\\/16b2.jpeg\",\"datePublished\":\"2024-07-03T23:41:49+00:00\",\"dateModified\":\"2025-03-30T22:07:02+00:00\",\"description\":\"Des questions sur la selle de v\u00e9lo ergonomique? Marre des douleurs li\u00e9es \u00e0 votre selle de v\u00e9lo ? R\u00e9ponses directeaupr\u00e8s du propri\u00e9taire!\",\"breadcrumb\":{\"@id\":\"https:\\\/\\\/spongywonder.com\\\/fr\\\/contactez-selle-de-velo-ergonomique\\\/#breadcrumb\"},\"inLanguage\":\"fr-FR\",\"potentialAction\":[{\"@type\":\"ReadAction\",\"target\":[\"https:\\\/\\\/spongywonder.com\\\/fr\\\/contactez-selle-de-velo-ergonomique\\\/\"]}]},{\"@type\":\"ImageObject\",\"inLanguage\":\"fr-FR\",\"@id\":\"https:\\\/\\\/spongywonder.com\\\/fr\\\/contactez-selle-de-velo-ergonomique\\\/#primaryimage\",\"url\":\"https:\\\/\\\/spongywonder.com\\\/wp-content\\\/uploads\\\/2024\\\/01\\\/16b2.jpeg\",\"contentUrl\":\"https:\\\/\\\/spongywonder.com\\\/wp-content\\\/uploads\\\/2024\\\/01\\\/16b2.jpeg\",\"width\":708,\"height\":540,\"caption\":\"La selle de v\u00e9lo sans bec sur un v\u00e9lo de tourisme est le selle de v\u00e9lo parfait pour la prostate, le meilleur selle de v\u00e9lo pour femmes.\"},{\"@type\":\"BreadcrumbList\",\"@id\":\"https:\\\/\\\/spongywonder.com\\\/fr\\\/contactez-selle-de-velo-ergonomique\\\/#breadcrumb\",\"itemListElement\":[{\"@type\":\"ListItem\",\"position\":1,\"name\":\"Home\",\"item\":\"https:\\\/\\\/spongywonder.com\\\/fr\\\/\"},{\"@type\":\"ListItem\",\"position\":2,\"name\":\"Contactez\"}]},{\"@type\":\"WebSite\",\"@id\":\"https:\\\/\\\/spongywonder.com\\\/#website\",\"url\":\"https:\\\/\\\/spongywonder.com\\\/\",\"name\":\"Spongy Wonder Noseless Bicycle Seat\",\"description\":\"La Selle De Velo Sans Bec\",\"publisher\":{\"@id\":\"https:\\\/\\\/spongywonder.com\\\/#organization\"},\"alternateName\":\"Spongy Wonder Bicycle Seat\",\"potentialAction\":[{\"@type\":\"SearchAction\",\"target\":{\"@type\":\"EntryPoint\",\"urlTemplate\":\"https:\\\/\\\/spongywonder.com\\\/?s={search_term_string}\"},\"query-input\":{\"@type\":\"PropertyValueSpecification\",\"valueRequired\":true,\"valueName\":\"search_term_string\"}}],\"inLanguage\":\"fr-FR\"},{\"@type\":\"Organization\",\"@id\":\"https:\\\/\\\/spongywonder.com\\\/#organization\",\"name\":\"Spongy Wonder Noseless Bicycle Seat\",\"alternateName\":\"Spongy Wonder Bicycle Seat\",\"url\":\"https:\\\/\\\/spongywonder.com\\\/\",\"logo\":{\"@type\":\"ImageObject\",\"inLanguage\":\"fr-FR\",\"@id\":\"https:\\\/\\\/spongywonder.com\\\/#\\\/schema\\\/logo\\\/image\\\/\",\"url\":\"https:\\\/\\\/spongywonder.com\\\/wp-content\\\/uploads\\\/2023\\\/08\\\/Logo_SM_WP.png\",\"contentUrl\":\"https:\\\/\\\/spongywonder.com\\\/wp-content\\\/uploads\\\/2023\\\/08\\\/Logo_SM_WP.png\",\"width\":315,\"height\":52,\"caption\":\"Spongy Wonder Noseless Bicycle Seat\"},\"image\":{\"@id\":\"https:\\\/\\\/spongywonder.com\\\/#\\\/schema\\\/logo\\\/image\\\/\"}}]}<\/script>\n<!-- \/ Yoast SEO Premium plugin. -->","yoast_head_json":{"title":"Selle de v\u00e9lo ergonomique - contactez","description":"Des questions sur la selle de v\u00e9lo ergonomique? Marre des douleurs li\u00e9es \u00e0 votre selle de v\u00e9lo ? R\u00e9ponses directeaupr\u00e8s du propri\u00e9taire!","robots":{"index":"index","follow":"follow","max-snippet":"max-snippet:-1","max-image-preview":"max-image-preview:large","max-video-preview":"max-video-preview:-1"},"canonical":"https:\/\/spongywonder.com\/fr\/contactez-selle-de-velo-ergonomique\/","og_locale":"fr_FR","og_type":"article","og_title":"Contactez","og_description":"Des questions sur la selle de v\u00e9lo ergonomique? Marre des douleurs li\u00e9es \u00e0 votre selle de v\u00e9lo ? R\u00e9ponses directeaupr\u00e8s du propri\u00e9taire!","og_url":"https:\/\/spongywonder.com\/fr\/contactez-selle-de-velo-ergonomique\/","og_site_name":"La Selle De Velo Sans Bec Spongy Wonder","article_modified_time":"2025-03-30T22:07:02+00:00","og_image":[{"width":708,"height":540,"url":"https:\/\/spongywonder.com\/wp-content\/uploads\/2024\/01\/16b2.jpeg","type":"image\/jpeg"}],"twitter_card":"summary_large_image","twitter_misc":{"Dur\u00e9e de lecture estim\u00e9e":"1 minute"},"schema":{"@context":"https:\/\/schema.org","@graph":[{"@type":"WebPage","@id":"https:\/\/spongywonder.com\/fr\/contactez-selle-de-velo-ergonomique\/","url":"https:\/\/spongywonder.com\/fr\/contactez-selle-de-velo-ergonomique\/","name":"Selle de v\u00e9lo ergonomique - contactez","isPartOf":{"@id":"https:\/\/spongywonder.com\/#website"},"primaryImageOfPage":{"@id":"https:\/\/spongywonder.com\/fr\/contactez-selle-de-velo-ergonomique\/#primaryimage"},"image":{"@id":"https:\/\/spongywonder.com\/fr\/contactez-selle-de-velo-ergonomique\/#primaryimage"},"thumbnailUrl":"https:\/\/spongywonder.com\/wp-content\/uploads\/2024\/01\/16b2.jpeg","datePublished":"2024-07-03T23:41:49+00:00","dateModified":"2025-03-30T22:07:02+00:00","description":"Des questions sur la selle de v\u00e9lo ergonomique? Marre des douleurs li\u00e9es \u00e0 votre selle de v\u00e9lo ? R\u00e9ponses directeaupr\u00e8s du propri\u00e9taire!","breadcrumb":{"@id":"https:\/\/spongywonder.com\/fr\/contactez-selle-de-velo-ergonomique\/#breadcrumb"},"inLanguage":"fr-FR","potentialAction":[{"@type":"ReadAction","target":["https:\/\/spongywonder.com\/fr\/contactez-selle-de-velo-ergonomique\/"]}]},{"@type":"ImageObject","inLanguage":"fr-FR","@id":"https:\/\/spongywonder.com\/fr\/contactez-selle-de-velo-ergonomique\/#primaryimage","url":"https:\/\/spongywonder.com\/wp-content\/uploads\/2024\/01\/16b2.jpeg","contentUrl":"https:\/\/spongywonder.com\/wp-content\/uploads\/2024\/01\/16b2.jpeg","width":708,"height":540,"caption":"La selle de v\u00e9lo sans bec sur un v\u00e9lo de tourisme est le selle de v\u00e9lo parfait pour la prostate, le meilleur selle de v\u00e9lo pour femmes."},{"@type":"BreadcrumbList","@id":"https:\/\/spongywonder.com\/fr\/contactez-selle-de-velo-ergonomique\/#breadcrumb","itemListElement":[{"@type":"ListItem","position":1,"name":"Home","item":"https:\/\/spongywonder.com\/fr\/"},{"@type":"ListItem","position":2,"name":"Contactez"}]},{"@type":"WebSite","@id":"https:\/\/spongywonder.com\/#website","url":"https:\/\/spongywonder.com\/","name":"Spongy Wonder Noseless Bicycle Seat","description":"La Selle De Velo Sans Bec","publisher":{"@id":"https:\/\/spongywonder.com\/#organization"},"alternateName":"Spongy Wonder Bicycle Seat","potentialAction":[{"@type":"SearchAction","target":{"@type":"EntryPoint","urlTemplate":"https:\/\/spongywonder.com\/?s={search_term_string}"},"query-input":{"@type":"PropertyValueSpecification","valueRequired":true,"valueName":"search_term_string"}}],"inLanguage":"fr-FR"},{"@type":"Organization","@id":"https:\/\/spongywonder.com\/#organization","name":"Spongy Wonder Noseless Bicycle Seat","alternateName":"Spongy Wonder Bicycle Seat","url":"https:\/\/spongywonder.com\/","logo":{"@type":"ImageObject","inLanguage":"fr-FR","@id":"https:\/\/spongywonder.com\/#\/schema\/logo\/image\/","url":"https:\/\/spongywonder.com\/wp-content\/uploads\/2023\/08\/Logo_SM_WP.png","contentUrl":"https:\/\/spongywonder.com\/wp-content\/uploads\/2023\/08\/Logo_SM_WP.png","width":315,"height":52,"caption":"Spongy Wonder Noseless Bicycle Seat"},"image":{"@id":"https:\/\/spongywonder.com\/#\/schema\/logo\/image\/"}}]}},"_links":{"self":[{"href":"https:\/\/spongywonder.com\/fr\/wp-json\/wp\/v2\/pages\/15979","targetHints":{"allow":["GET"]}}],"collection":[{"href":"https:\/\/spongywonder.com\/fr\/wp-json\/wp\/v2\/pages"}],"about":[{"href":"https:\/\/spongywonder.com\/fr\/wp-json\/wp\/v2\/types\/page"}],"author":[{"embeddable":true,"href":"https:\/\/spongywonder.com\/fr\/wp-json\/wp\/v2\/users\/4"}],"replies":[{"embeddable":true,"href":"https:\/\/spongywonder.com\/fr\/wp-json\/wp\/v2\/comments?post=15979"}],"version-history":[{"count":4,"href":"https:\/\/spongywonder.com\/fr\/wp-json\/wp\/v2\/pages\/15979\/revisions"}],"predecessor-version":[{"id":17287,"href":"https:\/\/spongywonder.com\/fr\/wp-json\/wp\/v2\/pages\/15979\/revisions\/17287"}],"wp:featuredmedia":[{"embeddable":true,"href":"https:\/\/spongywonder.com\/fr\/wp-json\/wp\/v2\/media\/15957"}],"wp:attachment":[{"href":"https:\/\/spongywonder.com\/fr\/wp-json\/wp\/v2\/media?parent=15979"}],"curies":[{"name":"wp","href":"https:\/\/api.w.org\/{rel}","templated":true}]}}