{"id":16027,"date":"2023-09-15T17:04:37","date_gmt":"2023-09-15T17:04:37","guid":{"rendered":"https:\/\/spongywonder.com\/product\/mk10-noseless-bike-seat-large\/"},"modified":"2024-05-22T02:55:42","modified_gmt":"2024-05-22T02:55:42","slug":"mk10-grand-selle-de-velo-sans-bec","status":"publish","type":"product","link":"https:\/\/spongywonder.com\/fr\/produit\/mk10-grand-selle-de-velo-sans-bec\/","title":{"rendered":"MK10 Grand selle de v\u00e9lo sans bec"},"content":{"rendered":"\r\n<p><strong>Le si\u00e8ge de v\u00e9lo sans nez grand Spongy Wonder MK10 partage toutes les m\u00eames caract\u00e9ristiques que le si\u00e8ge de v\u00e9lo sans nez petit\/moyen MK10. Les deux sont \u00e9quip\u00e9s de coussins r\u00e9glables, rempla\u00e7ables et \u00e9volutifs.<\/strong><\/p>\r\n<p><strong>La diff\u00e9rence est que le MK10 Large fournit env. 20\u00a0% de \u00ab\u00a0immobilier\u00a0\u00bb en plus pour les cavaliers qui ne sont pas dans le type de condition dans laquelle ils aimeraient \u00eatre, pour les cavaliers naturellement plus grands, pour ceux dont l&rsquo;\u00e2ge peut entra\u00eener une atrophie des fessiers, pour les cavali\u00e8res plus grandes et pour les cavali\u00e8res qui ont une jolie forme de sablier.<\/strong><\/p>\r\n<p><strong>Comme avec nos si\u00e8ges de v\u00e9lo sans nez des s\u00e9ries MK10 et MK11, toute la pression provient des vaisseaux urologiques et neurologiques sensibles.<\/strong><\/p>\r\n<p><strong>Avec les 4 mod\u00e8les de si\u00e8ges de v\u00e9lo Spongy Wonder Noseless, votre trajet est exempt de douleur, d&rsquo;engourdissement, de picotement et de dommage. Que vous rouliez sur route ou hors route, en VTT ou en v\u00e9lo de route, en gravel ou en cruiser, en tribike ou en v\u00e9lo de randonn\u00e9e \u2013 quoi que vous rouliez \u2013 votre bonheur et votre sant\u00e9 sont prot\u00e9g\u00e9s et am\u00e9lior\u00e9s.<\/strong><\/p>\r\n","protected":false},"excerpt":{"rendered":"<ul>\n<li>Coussins r\u00e9glables et \u00e9volutifs.<\/li>\n<li>Garantie 15 ans<\/li>\n<li>Construit par des ma\u00eetres forgerons canadiens.<\/li>\n<li>Mat\u00e9riaux am\u00e9ricains avanc\u00e9s<\/li>\n<li>Z\u00e9ro pression sur tous les vaisseaux urologiques et neurologiques sensibles.<\/li>\n<\/ul>\n","protected":false},"featured_media":15840,"template":"","meta":{"_mi_skip_tracking":false,"_monsterinsights_sitenote_active":false,"_monsterinsights_sitenote_note":"","_monsterinsights_sitenote_category":0},"product_brand":[],"product_cat":[149],"product_tag":[138,139,140],"class_list":{"0":"post-16027","1":"product","2":"type-product","3":"status-publish","4":"has-post-thumbnail","6":"product_cat-mk10-large-fr","7":"product_tag-noseless-bicycle-seat-fr","8":"product_tag-noseless-bike-seat-fr","9":"product_tag-prostate-friendly-bicycle-seat-fr","11":"first","12":"instock","13":"featured","14":"taxable","15":"shipping-taxable","16":"purchasable","17":"product-type-simple"},"yoast_head":"<!-- This site is optimized with the Yoast SEO Premium plugin v27.3 (Yoast SEO v27.4) - https:\/\/yoast.com\/product\/yoast-seo-premium-wordpress\/ -->\n<title>MK10 Grand selle de v\u00e9lo sans bec - La Selle De Velo Sans Bec Spongy Wonder<\/title>\n<meta name=\"robots\" content=\"noindex, follow\" \/>\n<meta property=\"og:locale\" content=\"fr_FR\" \/>\n<meta property=\"og:type\" content=\"article\" \/>\n<meta property=\"og:title\" content=\"MK10 Grand selle de v\u00e9lo sans bec\" \/>\n<meta property=\"og:description\" content=\"Coussins r\u00e9glables et \u00e9volutifs. Garantie 15 ans Construit par des ma\u00eetres forgerons canadiens. Mat\u00e9riaux am\u00e9ricains avanc\u00e9s Z\u00e9ro pression sur tous les vaisseaux urologiques et neurologiques sensibles.\" \/>\n<meta property=\"og:url\" content=\"https:\/\/spongywonder.com\/produit\/no-nose-bike-seat-mk10-large\/\" \/>\n<meta property=\"og:site_name\" content=\"La Selle De Velo Sans Bec Spongy Wonder\" \/>\n<meta property=\"article:modified_time\" content=\"2024-05-22T02:55:42+00:00\" \/>\n<meta property=\"og:image\" content=\"https:\/\/spongywonder.com\/wp-content\/uploads\/2023\/08\/BikeSeat-Smaller-1.jpg\" \/>\n\t<meta property=\"og:image:width\" content=\"300\" \/>\n\t<meta property=\"og:image:height\" content=\"200\" \/>\n\t<meta property=\"og:image:type\" content=\"image\/jpeg\" \/>\n<meta name=\"twitter:card\" content=\"summary_large_image\" \/>\n<meta name=\"twitter:label1\" content=\"Prix\" \/>\n\t<meta name=\"twitter:data1\" content=\"&#036;160.99\" \/>\n\t<meta name=\"twitter:label2\" content=\"Disponibilit\u00e9\" \/>\n\t<meta name=\"twitter:data2\" content=\"En stock\" \/>\n<script type=\"application\/ld+json\" class=\"yoast-schema-graph\">{\"@context\":\"https:\\\/\\\/schema.org\",\"@graph\":[{\"@type\":\"WebPage\",\"@id\":\"https:\\\/\\\/spongywonder.com\\\/produit\\\/no-nose-bike-seat-mk10-large\\\/\",\"url\":\"https:\\\/\\\/spongywonder.com\\\/produit\\\/no-nose-bike-seat-mk10-large\\\/\",\"name\":\"MK10 Grand selle de v\u00e9lo sans bec - La Selle De Velo Sans Bec Spongy Wonder\",\"isPartOf\":{\"@id\":\"https:\\\/\\\/spongywonder.com\\\/#website\"},\"primaryImageOfPage\":{\"@id\":\"https:\\\/\\\/spongywonder.com\\\/produit\\\/no-nose-bike-seat-mk10-large\\\/#primaryimage\"},\"image\":{\"@id\":\"https:\\\/\\\/spongywonder.com\\\/produit\\\/no-nose-bike-seat-mk10-large\\\/#primaryimage\"},\"thumbnailUrl\":\"https:\\\/\\\/spongywonder.com\\\/wp-content\\\/uploads\\\/2023\\\/08\\\/BikeSeat-Smaller-1.jpg\",\"datePublished\":\"2023-09-15T17:04:37+00:00\",\"dateModified\":\"2024-05-22T02:55:42+00:00\",\"breadcrumb\":{\"@id\":\"https:\\\/\\\/spongywonder.com\\\/produit\\\/no-nose-bike-seat-mk10-large\\\/#breadcrumb\"},\"inLanguage\":\"fr-FR\",\"potentialAction\":[{\"@type\":\"ReadAction\",\"target\":[\"https:\\\/\\\/spongywonder.com\\\/produit\\\/no-nose-bike-seat-mk10-large\\\/\"]}]},{\"@type\":\"ImageObject\",\"inLanguage\":\"fr-FR\",\"@id\":\"https:\\\/\\\/spongywonder.com\\\/produit\\\/no-nose-bike-seat-mk10-large\\\/#primaryimage\",\"url\":\"https:\\\/\\\/spongywonder.com\\\/wp-content\\\/uploads\\\/2023\\\/08\\\/BikeSeat-Smaller-1.jpg\",\"contentUrl\":\"https:\\\/\\\/spongywonder.com\\\/wp-content\\\/uploads\\\/2023\\\/08\\\/BikeSeat-Smaller-1.jpg\",\"width\":300,\"height\":200,\"caption\":\"Selle de v\u00e9lo sans bec de Spongy Wonder - ou la selle de v\u00e9lo sans nez est une selle de v\u00e9lo sans bec respectueuse de la prostate et le selle de v\u00e9lo parfait pour les hommes\"},{\"@type\":\"BreadcrumbList\",\"@id\":\"https:\\\/\\\/spongywonder.com\\\/produit\\\/no-nose-bike-seat-mk10-large\\\/#breadcrumb\",\"itemListElement\":[{\"@type\":\"ListItem\",\"position\":1,\"name\":\"Home\",\"item\":\"https:\\\/\\\/spongywonder.com\\\/fr\\\/\"},{\"@type\":\"ListItem\",\"position\":2,\"name\":\"Products\",\"item\":\"https:\\\/\\\/spongywonder.com\\\/shop__trashed\\\/\"},{\"@type\":\"ListItem\",\"position\":3,\"name\":\"MK10 Grand selle de v\u00e9lo sans bec\"}]},{\"@type\":\"WebSite\",\"@id\":\"https:\\\/\\\/spongywonder.com\\\/#website\",\"url\":\"https:\\\/\\\/spongywonder.com\\\/\",\"name\":\"Spongy Wonder Noseless Bicycle Seat\",\"description\":\"La Selle De Velo Sans Bec\",\"publisher\":{\"@id\":\"https:\\\/\\\/spongywonder.com\\\/#organization\"},\"alternateName\":\"Spongy Wonder Bicycle Seat\",\"potentialAction\":[{\"@type\":\"SearchAction\",\"target\":{\"@type\":\"EntryPoint\",\"urlTemplate\":\"https:\\\/\\\/spongywonder.com\\\/?s={search_term_string}\"},\"query-input\":{\"@type\":\"PropertyValueSpecification\",\"valueRequired\":true,\"valueName\":\"search_term_string\"}}],\"inLanguage\":\"fr-FR\"},{\"@type\":\"Organization\",\"@id\":\"https:\\\/\\\/spongywonder.com\\\/#organization\",\"name\":\"Spongy Wonder Noseless Bicycle Seat\",\"alternateName\":\"Spongy Wonder Bicycle Seat\",\"url\":\"https:\\\/\\\/spongywonder.com\\\/\",\"logo\":{\"@type\":\"ImageObject\",\"inLanguage\":\"fr-FR\",\"@id\":\"https:\\\/\\\/spongywonder.com\\\/#\\\/schema\\\/logo\\\/image\\\/\",\"url\":\"https:\\\/\\\/spongywonder.com\\\/wp-content\\\/uploads\\\/2023\\\/08\\\/Logo_SM_WP.png\",\"contentUrl\":\"https:\\\/\\\/spongywonder.com\\\/wp-content\\\/uploads\\\/2023\\\/08\\\/Logo_SM_WP.png\",\"width\":315,\"height\":52,\"caption\":\"Spongy Wonder Noseless Bicycle Seat\"},\"image\":{\"@id\":\"https:\\\/\\\/spongywonder.com\\\/#\\\/schema\\\/logo\\\/image\\\/\"}}]}<\/script>\n<meta property=\"product:price:amount\" content=\"160.99\" \/>\n<meta property=\"product:price:currency\" content=\"CAD\" \/>\n<meta property=\"og:availability\" content=\"instock\" \/>\n<meta property=\"product:availability\" content=\"instock\" \/>\n<meta property=\"product:retailer_item_id\" content=\"mk10-large-noseless-bike-seat\" \/>\n<meta property=\"product:condition\" content=\"new\" \/>\n<!-- \/ Yoast SEO Premium plugin. -->","yoast_head_json":{"title":"MK10 Grand selle de v\u00e9lo sans bec - La Selle De Velo Sans Bec Spongy Wonder","robots":{"index":"noindex","follow":"follow"},"og_locale":"fr_FR","og_type":"article","og_title":"MK10 Grand selle de v\u00e9lo sans bec","og_description":"Coussins r\u00e9glables et \u00e9volutifs. Garantie 15 ans Construit par des ma\u00eetres forgerons canadiens. Mat\u00e9riaux am\u00e9ricains avanc\u00e9s Z\u00e9ro pression sur tous les vaisseaux urologiques et neurologiques sensibles.","og_url":"https:\/\/spongywonder.com\/produit\/no-nose-bike-seat-mk10-large\/","og_site_name":"La Selle De Velo Sans Bec Spongy Wonder","article_modified_time":"2024-05-22T02:55:42+00:00","og_image":[{"width":300,"height":200,"url":"https:\/\/spongywonder.com\/wp-content\/uploads\/2023\/08\/BikeSeat-Smaller-1.jpg","type":"image\/jpeg"}],"twitter_card":"summary_large_image","twitter_misc":{"Prix":"&#36;160.99","Disponibilit\u00e9":"En stock"},"schema":{"@context":"https:\/\/schema.org","@graph":[{"@type":"WebPage","@id":"https:\/\/spongywonder.com\/produit\/no-nose-bike-seat-mk10-large\/","url":"https:\/\/spongywonder.com\/produit\/no-nose-bike-seat-mk10-large\/","name":"MK10 Grand selle de v\u00e9lo sans bec - La Selle De Velo Sans Bec Spongy Wonder","isPartOf":{"@id":"https:\/\/spongywonder.com\/#website"},"primaryImageOfPage":{"@id":"https:\/\/spongywonder.com\/produit\/no-nose-bike-seat-mk10-large\/#primaryimage"},"image":{"@id":"https:\/\/spongywonder.com\/produit\/no-nose-bike-seat-mk10-large\/#primaryimage"},"thumbnailUrl":"https:\/\/spongywonder.com\/wp-content\/uploads\/2023\/08\/BikeSeat-Smaller-1.jpg","datePublished":"2023-09-15T17:04:37+00:00","dateModified":"2024-05-22T02:55:42+00:00","breadcrumb":{"@id":"https:\/\/spongywonder.com\/produit\/no-nose-bike-seat-mk10-large\/#breadcrumb"},"inLanguage":"fr-FR","potentialAction":[{"@type":"ReadAction","target":["https:\/\/spongywonder.com\/produit\/no-nose-bike-seat-mk10-large\/"]}]},{"@type":"ImageObject","inLanguage":"fr-FR","@id":"https:\/\/spongywonder.com\/produit\/no-nose-bike-seat-mk10-large\/#primaryimage","url":"https:\/\/spongywonder.com\/wp-content\/uploads\/2023\/08\/BikeSeat-Smaller-1.jpg","contentUrl":"https:\/\/spongywonder.com\/wp-content\/uploads\/2023\/08\/BikeSeat-Smaller-1.jpg","width":300,"height":200,"caption":"Selle de v\u00e9lo sans bec de Spongy Wonder - ou la selle de v\u00e9lo sans nez est une selle de v\u00e9lo sans bec respectueuse de la prostate et le selle de v\u00e9lo parfait pour les hommes"},{"@type":"BreadcrumbList","@id":"https:\/\/spongywonder.com\/produit\/no-nose-bike-seat-mk10-large\/#breadcrumb","itemListElement":[{"@type":"ListItem","position":1,"name":"Home","item":"https:\/\/spongywonder.com\/fr\/"},{"@type":"ListItem","position":2,"name":"Products","item":"https:\/\/spongywonder.com\/shop__trashed\/"},{"@type":"ListItem","position":3,"name":"MK10 Grand selle de v\u00e9lo sans bec"}]},{"@type":"WebSite","@id":"https:\/\/spongywonder.com\/#website","url":"https:\/\/spongywonder.com\/","name":"Spongy Wonder Noseless Bicycle Seat","description":"La Selle De Velo Sans Bec","publisher":{"@id":"https:\/\/spongywonder.com\/#organization"},"alternateName":"Spongy Wonder Bicycle Seat","potentialAction":[{"@type":"SearchAction","target":{"@type":"EntryPoint","urlTemplate":"https:\/\/spongywonder.com\/?s={search_term_string}"},"query-input":{"@type":"PropertyValueSpecification","valueRequired":true,"valueName":"search_term_string"}}],"inLanguage":"fr-FR"},{"@type":"Organization","@id":"https:\/\/spongywonder.com\/#organization","name":"Spongy Wonder Noseless Bicycle Seat","alternateName":"Spongy Wonder Bicycle Seat","url":"https:\/\/spongywonder.com\/","logo":{"@type":"ImageObject","inLanguage":"fr-FR","@id":"https:\/\/spongywonder.com\/#\/schema\/logo\/image\/","url":"https:\/\/spongywonder.com\/wp-content\/uploads\/2023\/08\/Logo_SM_WP.png","contentUrl":"https:\/\/spongywonder.com\/wp-content\/uploads\/2023\/08\/Logo_SM_WP.png","width":315,"height":52,"caption":"Spongy Wonder Noseless Bicycle Seat"},"image":{"@id":"https:\/\/spongywonder.com\/#\/schema\/logo\/image\/"}}]},"product_price_amount":"160.99","product_price_currency":"CAD","og_availability":"instock","product_availability":"instock","product_retailer_item_id":"mk10-large-noseless-bike-seat","product_condition":"new"},"_links":{"self":[{"href":"https:\/\/spongywonder.com\/fr\/wp-json\/wp\/v2\/product\/16027","targetHints":{"allow":["GET"]}}],"collection":[{"href":"https:\/\/spongywonder.com\/fr\/wp-json\/wp\/v2\/product"}],"about":[{"href":"https:\/\/spongywonder.com\/fr\/wp-json\/wp\/v2\/types\/product"}],"wp:featuredmedia":[{"embeddable":true,"href":"https:\/\/spongywonder.com\/fr\/wp-json\/wp\/v2\/media\/15840"}],"wp:attachment":[{"href":"https:\/\/spongywonder.com\/fr\/wp-json\/wp\/v2\/media?parent=16027"}],"wp:term":[{"taxonomy":"product_brand","embeddable":true,"href":"https:\/\/spongywonder.com\/fr\/wp-json\/wp\/v2\/product_brand?post=16027"},{"taxonomy":"product_cat","embeddable":true,"href":"https:\/\/spongywonder.com\/fr\/wp-json\/wp\/v2\/product_cat?post=16027"},{"taxonomy":"product_tag","embeddable":true,"href":"https:\/\/spongywonder.com\/fr\/wp-json\/wp\/v2\/product_tag?post=16027"}],"curies":[{"name":"wp","href":"https:\/\/api.w.org\/{rel}","templated":true}]}}