{"id":16044,"date":"2022-03-11T05:23:50","date_gmt":"2022-03-11T05:23:50","guid":{"rendered":"https:\/\/spongywonder.com\/product\/mk11-noseless-bike-seat-small-medium\/"},"modified":"2024-05-22T02:56:54","modified_gmt":"2024-05-22T02:56:54","slug":"mk11-s-m-selle-de-velo-sans-bec","status":"publish","type":"product","link":"https:\/\/spongywonder.com\/fr\/produit\/mk11-s-m-selle-de-velo-sans-bec\/","title":{"rendered":"MK11 S\/M Selle de v\u00e9lo sans bec"},"content":{"rendered":"\r\n<p><strong>Les si\u00e8ges de v\u00e9lo sans nez MK11 de Spongy Wonder Inc. sont des variantes personnalis\u00e9es de notre s\u00e9rie MK10 et sont con\u00e7us pour\u00a0<\/strong><\/p>\r\n<ul>\r\n<li><strong>un collier de serrage de tige de selle \u00e0 deux boulons<\/strong><\/li>\r\n<li><strong>colliers de tige de selle n\u00e9cessitant un cadre de 7 mm<\/strong><\/li>\r\n<li><strong>colliers de tige de selle qui se fixent horizontalement<\/strong><\/li>\r\n<li><strong>Pinces \u00ab\u00a0U-support\u00a0\u00bb<\/strong><\/li>\r\n<li><strong>V\u00e9los d&rsquo;int\u00e9rieur Fancy-Ass (Spinners) et v\u00e9los d&rsquo;appartement.\u00a0<\/strong><\/li>\r\n<li><strong>Bromptoms<\/strong><\/li>\r\n<\/ul>\r\n<p><strong>Comme pour nos si\u00e8ges de v\u00e9lo sans nez de la s\u00e9rie MK10, nos si\u00e8ges de v\u00e9lo sans nez de la s\u00e9rie MK11 vous offrent une conduite confortable et performante dans deux tailles r\u00e9glables en largeur. Nos coussins rempla\u00e7ables\/am\u00e9liorables et une garantie de 15 ans sur tous les composants structurels offrent une conduite \u00e0 vie sans pression sur votre prostate, votre p\u00e9rin\u00e9e, votre coccyx et tout le reste.\u00a0<\/strong><\/p>\r\n<p><strong>Ajoutez nos housses de si\u00e8ge en n\u00e9opr\u00e8ne de qualit\u00e9 pour plongeur \u00e0 quadruple couture, tress\u00e9es et \u00e9quip\u00e9es de Velcro, et vous obtenez une surface d&rsquo;interface suppl\u00e9mentaire qui vous permet de personnaliser le choix des v\u00eatements, le style de conduite et m\u00eame la m\u00e9t\u00e9o !<\/strong><\/p>\r\n","protected":false},"excerpt":{"rendered":"<ul>\n<li>Coussins r\u00e9glables et \u00e9volutifs.<\/li>\n<li>Garantie 15 ans<\/li>\n<li>Ma\u00eetres forgerons canadiens.\u00a0Mat\u00e9riaux am\u00e9ricains avanc\u00e9s.<\/li>\n<li>Z\u00e9ro pression sur tous les vaisseaux urologiques et neurologiques sensibles.<\/li>\n<li>Pour v\u00e9los d&rsquo;int\u00e9rieur (d&rsquo;exercice et Spinners), pour colliers de tige de selle qui utilisent 2 boulons, pour colliers de tige de selle qui prennent un rail de 7 mm, pour Bromptons.<\/li>\n<\/ul>\n","protected":false},"featured_media":15840,"template":"","meta":{"_mi_skip_tracking":false,"_monsterinsights_sitenote_active":false,"_monsterinsights_sitenote_note":"","_monsterinsights_sitenote_category":0},"product_brand":[],"product_cat":[164],"product_tag":[165,138,140,153],"class_list":{"0":"post-16044","1":"product","2":"type-product","3":"status-publish","4":"has-post-thumbnail","6":"product_cat-mk11-small-medium-fr","7":"product_tag-mk11-noseless-bike-seat-small-medium-fr","8":"product_tag-noseless-bicycle-seat-fr","9":"product_tag-prostate-friendly-bicycle-seat-fr","10":"product_tag-spongy-wonder-noseless-bike-seat-fr","12":"first","13":"instock","14":"featured","15":"taxable","16":"shipping-taxable","17":"purchasable","18":"product-type-simple"},"yoast_head":"<!-- This site is optimized with the Yoast SEO Premium plugin v27.3 (Yoast SEO v27.4) - https:\/\/yoast.com\/product\/yoast-seo-premium-wordpress\/ -->\n<title>MK11 S\/M Selle de v\u00e9lo sans bec - La Selle De Velo Sans Bec Spongy Wonder<\/title>\n<meta name=\"robots\" content=\"noindex, follow\" \/>\n<meta property=\"og:locale\" content=\"fr_FR\" \/>\n<meta property=\"og:type\" content=\"article\" \/>\n<meta property=\"og:title\" content=\"MK11 S\/M Selle de v\u00e9lo sans bec\" \/>\n<meta property=\"og:description\" content=\"Coussins r\u00e9glables et \u00e9volutifs. Garantie 15 ans Ma\u00eetres forgerons canadiens.\u00a0Mat\u00e9riaux am\u00e9ricains avanc\u00e9s. Z\u00e9ro pression sur tous les vaisseaux urologiques et neurologiques sensibles. Pour v\u00e9los d&#039;int\u00e9rieur (d&#039;exercice et Spinners), pour colliers de tige de selle qui utilisent 2 boulons, pour colliers de tige de selle qui prennent un rail de 7 mm, pour Bromptons.\" \/>\n<meta property=\"og:url\" content=\"https:\/\/spongywonder.com\/produit\/noseless-bike-seat-mk11-s-m\/\" \/>\n<meta property=\"og:site_name\" content=\"La Selle De Velo Sans Bec Spongy Wonder\" \/>\n<meta property=\"article:modified_time\" content=\"2024-05-22T02:56:54+00:00\" \/>\n<meta property=\"og:image\" content=\"https:\/\/spongywonder.com\/wp-content\/uploads\/2023\/08\/BikeSeat-Smaller-1.jpg\" \/>\n\t<meta property=\"og:image:width\" content=\"300\" \/>\n\t<meta property=\"og:image:height\" content=\"200\" \/>\n\t<meta property=\"og:image:type\" content=\"image\/jpeg\" \/>\n<meta name=\"twitter:card\" content=\"summary_large_image\" \/>\n<meta name=\"twitter:label1\" content=\"Prix\" \/>\n\t<meta name=\"twitter:data1\" content=\"&#036;160.99\" \/>\n\t<meta name=\"twitter:label2\" content=\"Disponibilit\u00e9\" \/>\n\t<meta name=\"twitter:data2\" content=\"En stock\" \/>\n<script type=\"application\/ld+json\" class=\"yoast-schema-graph\">{\"@context\":\"https:\\\/\\\/schema.org\",\"@graph\":[{\"@type\":\"WebPage\",\"@id\":\"https:\\\/\\\/spongywonder.com\\\/produit\\\/noseless-bike-seat-mk11-s-m\\\/\",\"url\":\"https:\\\/\\\/spongywonder.com\\\/produit\\\/noseless-bike-seat-mk11-s-m\\\/\",\"name\":\"MK11 S\\\/M Selle de v\u00e9lo sans bec - La Selle De Velo Sans Bec Spongy Wonder\",\"isPartOf\":{\"@id\":\"https:\\\/\\\/spongywonder.com\\\/#website\"},\"primaryImageOfPage\":{\"@id\":\"https:\\\/\\\/spongywonder.com\\\/produit\\\/noseless-bike-seat-mk11-s-m\\\/#primaryimage\"},\"image\":{\"@id\":\"https:\\\/\\\/spongywonder.com\\\/produit\\\/noseless-bike-seat-mk11-s-m\\\/#primaryimage\"},\"thumbnailUrl\":\"https:\\\/\\\/spongywonder.com\\\/wp-content\\\/uploads\\\/2023\\\/08\\\/BikeSeat-Smaller-1.jpg\",\"datePublished\":\"2022-03-11T05:23:50+00:00\",\"dateModified\":\"2024-05-22T02:56:54+00:00\",\"breadcrumb\":{\"@id\":\"https:\\\/\\\/spongywonder.com\\\/produit\\\/noseless-bike-seat-mk11-s-m\\\/#breadcrumb\"},\"inLanguage\":\"fr-FR\",\"potentialAction\":[{\"@type\":\"ReadAction\",\"target\":[\"https:\\\/\\\/spongywonder.com\\\/produit\\\/noseless-bike-seat-mk11-s-m\\\/\"]}]},{\"@type\":\"ImageObject\",\"inLanguage\":\"fr-FR\",\"@id\":\"https:\\\/\\\/spongywonder.com\\\/produit\\\/noseless-bike-seat-mk11-s-m\\\/#primaryimage\",\"url\":\"https:\\\/\\\/spongywonder.com\\\/wp-content\\\/uploads\\\/2023\\\/08\\\/BikeSeat-Smaller-1.jpg\",\"contentUrl\":\"https:\\\/\\\/spongywonder.com\\\/wp-content\\\/uploads\\\/2023\\\/08\\\/BikeSeat-Smaller-1.jpg\",\"width\":300,\"height\":200,\"caption\":\"Selle de v\u00e9lo sans bec de Spongy Wonder - ou la selle de v\u00e9lo sans nez est une selle de v\u00e9lo sans bec respectueuse de la prostate et le selle de v\u00e9lo parfait pour les hommes\"},{\"@type\":\"BreadcrumbList\",\"@id\":\"https:\\\/\\\/spongywonder.com\\\/produit\\\/noseless-bike-seat-mk11-s-m\\\/#breadcrumb\",\"itemListElement\":[{\"@type\":\"ListItem\",\"position\":1,\"name\":\"Home\",\"item\":\"https:\\\/\\\/spongywonder.com\\\/fr\\\/\"},{\"@type\":\"ListItem\",\"position\":2,\"name\":\"Products\",\"item\":\"https:\\\/\\\/spongywonder.com\\\/shop__trashed\\\/\"},{\"@type\":\"ListItem\",\"position\":3,\"name\":\"MK11 S\\\/M Selle de v\u00e9lo sans bec\"}]},{\"@type\":\"WebSite\",\"@id\":\"https:\\\/\\\/spongywonder.com\\\/#website\",\"url\":\"https:\\\/\\\/spongywonder.com\\\/\",\"name\":\"Spongy Wonder Noseless Bicycle Seat\",\"description\":\"La Selle De Velo Sans Bec\",\"publisher\":{\"@id\":\"https:\\\/\\\/spongywonder.com\\\/#organization\"},\"alternateName\":\"Spongy Wonder Bicycle Seat\",\"potentialAction\":[{\"@type\":\"SearchAction\",\"target\":{\"@type\":\"EntryPoint\",\"urlTemplate\":\"https:\\\/\\\/spongywonder.com\\\/?s={search_term_string}\"},\"query-input\":{\"@type\":\"PropertyValueSpecification\",\"valueRequired\":true,\"valueName\":\"search_term_string\"}}],\"inLanguage\":\"fr-FR\"},{\"@type\":\"Organization\",\"@id\":\"https:\\\/\\\/spongywonder.com\\\/#organization\",\"name\":\"Spongy Wonder Noseless Bicycle Seat\",\"alternateName\":\"Spongy Wonder Bicycle Seat\",\"url\":\"https:\\\/\\\/spongywonder.com\\\/\",\"logo\":{\"@type\":\"ImageObject\",\"inLanguage\":\"fr-FR\",\"@id\":\"https:\\\/\\\/spongywonder.com\\\/#\\\/schema\\\/logo\\\/image\\\/\",\"url\":\"https:\\\/\\\/spongywonder.com\\\/wp-content\\\/uploads\\\/2023\\\/08\\\/Logo_SM_WP.png\",\"contentUrl\":\"https:\\\/\\\/spongywonder.com\\\/wp-content\\\/uploads\\\/2023\\\/08\\\/Logo_SM_WP.png\",\"width\":315,\"height\":52,\"caption\":\"Spongy Wonder Noseless Bicycle Seat\"},\"image\":{\"@id\":\"https:\\\/\\\/spongywonder.com\\\/#\\\/schema\\\/logo\\\/image\\\/\"}}]}<\/script>\n<meta property=\"product:price:amount\" content=\"160.99\" \/>\n<meta property=\"product:price:currency\" content=\"CAD\" \/>\n<meta property=\"og:availability\" content=\"instock\" \/>\n<meta property=\"product:availability\" content=\"instock\" \/>\n<meta property=\"product:retailer_item_id\" content=\"mk11-sm-med-noseless-bike-seat\" \/>\n<meta property=\"product:condition\" content=\"new\" \/>\n<!-- \/ Yoast SEO Premium plugin. -->","yoast_head_json":{"title":"MK11 S\/M Selle de v\u00e9lo sans bec - La Selle De Velo Sans Bec Spongy Wonder","robots":{"index":"noindex","follow":"follow"},"og_locale":"fr_FR","og_type":"article","og_title":"MK11 S\/M Selle de v\u00e9lo sans bec","og_description":"Coussins r\u00e9glables et \u00e9volutifs. Garantie 15 ans Ma\u00eetres forgerons canadiens.\u00a0Mat\u00e9riaux am\u00e9ricains avanc\u00e9s. Z\u00e9ro pression sur tous les vaisseaux urologiques et neurologiques sensibles. Pour v\u00e9los d'int\u00e9rieur (d'exercice et Spinners), pour colliers de tige de selle qui utilisent 2 boulons, pour colliers de tige de selle qui prennent un rail de 7 mm, pour Bromptons.","og_url":"https:\/\/spongywonder.com\/produit\/noseless-bike-seat-mk11-s-m\/","og_site_name":"La Selle De Velo Sans Bec Spongy Wonder","article_modified_time":"2024-05-22T02:56:54+00:00","og_image":[{"width":300,"height":200,"url":"https:\/\/spongywonder.com\/wp-content\/uploads\/2023\/08\/BikeSeat-Smaller-1.jpg","type":"image\/jpeg"}],"twitter_card":"summary_large_image","twitter_misc":{"Prix":"&#36;160.99","Disponibilit\u00e9":"En stock"},"schema":{"@context":"https:\/\/schema.org","@graph":[{"@type":"WebPage","@id":"https:\/\/spongywonder.com\/produit\/noseless-bike-seat-mk11-s-m\/","url":"https:\/\/spongywonder.com\/produit\/noseless-bike-seat-mk11-s-m\/","name":"MK11 S\/M Selle de v\u00e9lo sans bec - La Selle De Velo Sans Bec Spongy Wonder","isPartOf":{"@id":"https:\/\/spongywonder.com\/#website"},"primaryImageOfPage":{"@id":"https:\/\/spongywonder.com\/produit\/noseless-bike-seat-mk11-s-m\/#primaryimage"},"image":{"@id":"https:\/\/spongywonder.com\/produit\/noseless-bike-seat-mk11-s-m\/#primaryimage"},"thumbnailUrl":"https:\/\/spongywonder.com\/wp-content\/uploads\/2023\/08\/BikeSeat-Smaller-1.jpg","datePublished":"2022-03-11T05:23:50+00:00","dateModified":"2024-05-22T02:56:54+00:00","breadcrumb":{"@id":"https:\/\/spongywonder.com\/produit\/noseless-bike-seat-mk11-s-m\/#breadcrumb"},"inLanguage":"fr-FR","potentialAction":[{"@type":"ReadAction","target":["https:\/\/spongywonder.com\/produit\/noseless-bike-seat-mk11-s-m\/"]}]},{"@type":"ImageObject","inLanguage":"fr-FR","@id":"https:\/\/spongywonder.com\/produit\/noseless-bike-seat-mk11-s-m\/#primaryimage","url":"https:\/\/spongywonder.com\/wp-content\/uploads\/2023\/08\/BikeSeat-Smaller-1.jpg","contentUrl":"https:\/\/spongywonder.com\/wp-content\/uploads\/2023\/08\/BikeSeat-Smaller-1.jpg","width":300,"height":200,"caption":"Selle de v\u00e9lo sans bec de Spongy Wonder - ou la selle de v\u00e9lo sans nez est une selle de v\u00e9lo sans bec respectueuse de la prostate et le selle de v\u00e9lo parfait pour les hommes"},{"@type":"BreadcrumbList","@id":"https:\/\/spongywonder.com\/produit\/noseless-bike-seat-mk11-s-m\/#breadcrumb","itemListElement":[{"@type":"ListItem","position":1,"name":"Home","item":"https:\/\/spongywonder.com\/fr\/"},{"@type":"ListItem","position":2,"name":"Products","item":"https:\/\/spongywonder.com\/shop__trashed\/"},{"@type":"ListItem","position":3,"name":"MK11 S\/M Selle de v\u00e9lo sans bec"}]},{"@type":"WebSite","@id":"https:\/\/spongywonder.com\/#website","url":"https:\/\/spongywonder.com\/","name":"Spongy Wonder Noseless Bicycle Seat","description":"La Selle De Velo Sans Bec","publisher":{"@id":"https:\/\/spongywonder.com\/#organization"},"alternateName":"Spongy Wonder Bicycle Seat","potentialAction":[{"@type":"SearchAction","target":{"@type":"EntryPoint","urlTemplate":"https:\/\/spongywonder.com\/?s={search_term_string}"},"query-input":{"@type":"PropertyValueSpecification","valueRequired":true,"valueName":"search_term_string"}}],"inLanguage":"fr-FR"},{"@type":"Organization","@id":"https:\/\/spongywonder.com\/#organization","name":"Spongy Wonder Noseless Bicycle Seat","alternateName":"Spongy Wonder Bicycle Seat","url":"https:\/\/spongywonder.com\/","logo":{"@type":"ImageObject","inLanguage":"fr-FR","@id":"https:\/\/spongywonder.com\/#\/schema\/logo\/image\/","url":"https:\/\/spongywonder.com\/wp-content\/uploads\/2023\/08\/Logo_SM_WP.png","contentUrl":"https:\/\/spongywonder.com\/wp-content\/uploads\/2023\/08\/Logo_SM_WP.png","width":315,"height":52,"caption":"Spongy Wonder Noseless Bicycle Seat"},"image":{"@id":"https:\/\/spongywonder.com\/#\/schema\/logo\/image\/"}}]},"product_price_amount":"160.99","product_price_currency":"CAD","og_availability":"instock","product_availability":"instock","product_retailer_item_id":"mk11-sm-med-noseless-bike-seat","product_condition":"new"},"_links":{"self":[{"href":"https:\/\/spongywonder.com\/fr\/wp-json\/wp\/v2\/product\/16044","targetHints":{"allow":["GET"]}}],"collection":[{"href":"https:\/\/spongywonder.com\/fr\/wp-json\/wp\/v2\/product"}],"about":[{"href":"https:\/\/spongywonder.com\/fr\/wp-json\/wp\/v2\/types\/product"}],"wp:featuredmedia":[{"embeddable":true,"href":"https:\/\/spongywonder.com\/fr\/wp-json\/wp\/v2\/media\/15840"}],"wp:attachment":[{"href":"https:\/\/spongywonder.com\/fr\/wp-json\/wp\/v2\/media?parent=16044"}],"wp:term":[{"taxonomy":"product_brand","embeddable":true,"href":"https:\/\/spongywonder.com\/fr\/wp-json\/wp\/v2\/product_brand?post=16044"},{"taxonomy":"product_cat","embeddable":true,"href":"https:\/\/spongywonder.com\/fr\/wp-json\/wp\/v2\/product_cat?post=16044"},{"taxonomy":"product_tag","embeddable":true,"href":"https:\/\/spongywonder.com\/fr\/wp-json\/wp\/v2\/product_tag?post=16044"}],"curies":[{"name":"wp","href":"https:\/\/api.w.org\/{rel}","templated":true}]}}