{"id":16025,"date":"2023-09-15T17:13:06","date_gmt":"2023-09-15T17:13:06","guid":{"rendered":"https:\/\/spongywonder.com\/product\/mk10-noseless-bike-seat-small-medium\/"},"modified":"2025-03-22T15:17:03","modified_gmt":"2025-03-22T15:17:03","slug":"mk10-noseless-bike-seat-small-medium","status":"publish","type":"product","link":"https:\/\/spongywonder.com\/it\/prodotto\/mk10-noseless-bike-seat-small-medium\/","title":{"rendered":"Sellino da bicicletta senza naso MK10 S\/M"},"content":{"rendered":"\r\n<p><strong>Il seggiolino per bicicletta Spongy Wonder Noseless \u00e8 iniziato con una corsa di 50 km andata male. Dopo la visita in ospedale era ovvio che poter guidare era una proposta del tipo &#8220;Tutto o niente&#8221;.<\/strong><\/p>\r\n<p><strong>Sono state provate altre selle. Non andare. Quindi ne ho realizzato uno senza compromessi.<\/strong><\/p>\r\n<p><strong>Il vero seggiolino per bici senza naso a doppia piattaforma di Spongy Wonder ti d\u00e0 &#8220;Tutto&#8221;. Tutto il tuo peso da seduto sar\u00e0 sui glutei (glutei, fondoschiena, ecc.) con\u00a0<em><u>zero<\/u><\/em>\u00a0su prostata, perineo, coccige, ecc.<\/strong><\/p>\r\n<p><strong>I nostri ca. 42.000 stimati ciclisti sono giunti alla conclusione, come me, di aver accumulato abbastanza dolore, sofferenza e danni per sapere che\u00a0<\/strong><strong>i seggiolini per biciclette sono in realt\u00e0 una proposta &#8220;Tutto o niente&#8221;. Hanno scelto un seggiolino per bici Spongy Wonder Noseless e sono &#8220;The Happy Ones&#8221;.<\/strong><\/p>\r\n<p><strong>Signori, a molti Spongy Wonder Riders una volta \u00e8 stato detto che non avrebbero mai pi\u00f9 pedalato, eppure ora molti dei loro medici pedalano e\/o consigliano\u00a0<\/strong><strong>il seggiolino per bici amico della prostata di Spongy Wonder.<\/strong><\/p>\r\n<p><strong>Signore&#8230; non ne potete pi\u00f9. E&#8217; tutto vero! Ogni parola. La tua completa felicit\u00e0 in bicicletta sta per accadere.<\/strong><\/p>\r\n<p><strong>Inoltre altre cose come l&#8217;aiuto dell&#8217;inventore, cuscini sostituibili e aggiornabili, una garanzia di 15 anni su tutte le parti strutturali (in realt\u00e0 \u00e8 per sempre) e una scelta di interfacce aggiungendo i coprisedili che aggiungono anche un po&#8217; pi\u00f9 di imbottitura e rendono il i cuscini durano pi\u00f9 a lungo. Eccetera.<\/strong><\/p>\r\n<p><strong>\u00c8 un grande salto per alcuni di voi l\u00e0 fuori. Soprattutto voi roadie. Il &#8216;Next Great Saddle&#8217; \u2013 come li chiamo io \u2013 uscir\u00e0 presto. Ecco una domanda per tutti: avete gi\u00e0 acquistato molte &#8216;Next Great Saddles&#8217;?<\/strong><\/p>\r\n","protected":false},"excerpt":{"rendered":"<ul>\n<li>Cuscini regolabili e aggiornabili.<\/li>\n<li>15 anni di garanzia<\/li>\n<li>Costruito da maestri metallurgici canadesi.<\/li>\n<li>Materiali americani avanzati<\/li>\n<li>Pressione zero su tutti i vasi urologici e neurologici sensibili<\/li>\n<\/ul>\n","protected":false},"featured_media":15844,"template":"","meta":{"_mi_skip_tracking":false,"_monsterinsights_sitenote_active":false,"_monsterinsights_sitenote_note":"","_monsterinsights_sitenote_category":0},"product_brand":[],"product_cat":[141],"product_tag":[103,142,143,144],"class_list":{"0":"post-16025","1":"product","2":"type-product","3":"status-publish","4":"has-post-thumbnail","6":"product_cat-mk10-small-medium-it","7":"product_tag-mk10-noseless-bike-seat-small-medium","8":"product_tag-noseless-bicycle-seat-it","9":"product_tag-noseless-bike-seat-it","10":"product_tag-prostate-friendly-bicycle-seat-it","12":"first","13":"instock","14":"featured","15":"taxable","16":"shipping-taxable","17":"purchasable","18":"product-type-simple"},"yoast_head":"<!-- This site is optimized with the Yoast SEO Premium plugin v27.3 (Yoast SEO v27.6) - https:\/\/yoast.com\/product\/yoast-seo-premium-wordpress\/ -->\n<title>Sellino da bicicletta senza naso MK10 S\/M - Spongy Wonder Noseless Bicycle Seat<\/title>\n<meta name=\"robots\" content=\"noindex, follow\" \/>\n<meta property=\"og:locale\" content=\"it_IT\" \/>\n<meta property=\"og:type\" content=\"article\" \/>\n<meta property=\"og:title\" content=\"Sellino da bicicletta senza naso MK10 S\/M\" \/>\n<meta property=\"og:description\" content=\"Cuscini regolabili e aggiornabili. 15 anni di garanzia Costruito da maestri metallurgici canadesi. Materiali americani avanzati Pressione zero su tutti i vasi urologici e neurologici sensibili\" \/>\n<meta property=\"og:url\" content=\"https:\/\/spongywonder.com\/it\/prodotto\/mk10-noseless-bike-seat-small-medium\/\" \/>\n<meta property=\"og:site_name\" content=\"Spongy Wonder Noseless Bicycle Seat\" \/>\n<meta property=\"article:modified_time\" content=\"2025-03-22T15:17:03+00:00\" \/>\n<meta property=\"og:image\" content=\"https:\/\/spongywonder.com\/wp-content\/uploads\/2023\/08\/BikeSeat-Smaller-2.jpg\" \/>\n\t<meta property=\"og:image:width\" content=\"300\" \/>\n\t<meta property=\"og:image:height\" content=\"200\" \/>\n\t<meta property=\"og:image:type\" content=\"image\/jpeg\" \/>\n<meta name=\"twitter:card\" content=\"summary_large_image\" \/>\n<meta name=\"twitter:label1\" content=\"Prezzo\" \/>\n\t<meta name=\"twitter:data1\" content=\"&#036;160.99\" \/>\n\t<meta name=\"twitter:label2\" content=\"Disponibilit\u00e0\" \/>\n\t<meta name=\"twitter:data2\" content=\"In stock\" \/>\n<script type=\"application\/ld+json\" class=\"yoast-schema-graph\">{\"@context\":\"https:\\\/\\\/schema.org\",\"@graph\":[{\"@type\":\"WebPage\",\"@id\":\"https:\\\/\\\/spongywonder.com\\\/it\\\/prodotto\\\/mk10-noseless-bike-seat-small-medium\\\/\",\"url\":\"https:\\\/\\\/spongywonder.com\\\/it\\\/prodotto\\\/mk10-noseless-bike-seat-small-medium\\\/\",\"name\":\"Sellino da bicicletta senza naso MK10 S\\\/M - Spongy Wonder Noseless Bicycle Seat\",\"isPartOf\":{\"@id\":\"https:\\\/\\\/spongywonder.com\\\/#website\"},\"primaryImageOfPage\":{\"@id\":\"https:\\\/\\\/spongywonder.com\\\/it\\\/prodotto\\\/mk10-noseless-bike-seat-small-medium\\\/#primaryimage\"},\"image\":{\"@id\":\"https:\\\/\\\/spongywonder.com\\\/it\\\/prodotto\\\/mk10-noseless-bike-seat-small-medium\\\/#primaryimage\"},\"thumbnailUrl\":\"https:\\\/\\\/spongywonder.com\\\/wp-content\\\/uploads\\\/2023\\\/08\\\/BikeSeat-Smaller-2.jpg\",\"datePublished\":\"2023-09-15T17:13:06+00:00\",\"dateModified\":\"2025-03-22T15:17:03+00:00\",\"breadcrumb\":{\"@id\":\"https:\\\/\\\/spongywonder.com\\\/it\\\/prodotto\\\/mk10-noseless-bike-seat-small-medium\\\/#breadcrumb\"},\"inLanguage\":\"it-IT\",\"potentialAction\":[{\"@type\":\"ReadAction\",\"target\":[\"https:\\\/\\\/spongywonder.com\\\/it\\\/prodotto\\\/mk10-noseless-bike-seat-small-medium\\\/\"]}]},{\"@type\":\"ImageObject\",\"inLanguage\":\"it-IT\",\"@id\":\"https:\\\/\\\/spongywonder.com\\\/it\\\/prodotto\\\/mk10-noseless-bike-seat-small-medium\\\/#primaryimage\",\"url\":\"https:\\\/\\\/spongywonder.com\\\/wp-content\\\/uploads\\\/2023\\\/08\\\/BikeSeat-Smaller-2.jpg\",\"contentUrl\":\"https:\\\/\\\/spongywonder.com\\\/wp-content\\\/uploads\\\/2023\\\/08\\\/BikeSeat-Smaller-2.jpg\",\"width\":300,\"height\":200,\"caption\":\"The Spongy Wonder Noseless Bike Seat is a revolutionary cycling component crafted with correct pressure points that eliminate all damaging and irritating pressures to sensitive urological and neurological vessels. Vist our shop at www.spongywonder.com\\\/shop or send the inventor an email at\u00a0\u00a0jeff@spongywonder.com\"},{\"@type\":\"BreadcrumbList\",\"@id\":\"https:\\\/\\\/spongywonder.com\\\/it\\\/prodotto\\\/mk10-noseless-bike-seat-small-medium\\\/#breadcrumb\",\"itemListElement\":[{\"@type\":\"ListItem\",\"position\":1,\"name\":\"Home\",\"item\":\"https:\\\/\\\/spongywonder.com\\\/it\\\/\"},{\"@type\":\"ListItem\",\"position\":2,\"name\":\"Products\",\"item\":\"https:\\\/\\\/spongywonder.com\\\/shop__trashed\\\/\"},{\"@type\":\"ListItem\",\"position\":3,\"name\":\"Sellino da bicicletta senza naso MK10 S\\\/M\"}]},{\"@type\":\"WebSite\",\"@id\":\"https:\\\/\\\/spongywonder.com\\\/#website\",\"url\":\"https:\\\/\\\/spongywonder.com\\\/\",\"name\":\"Spongy Wonder Noseless Bicycle Seat\",\"description\":\"Whether you&#039;re a casual rider or a dedicated cyclist, the Spongy Wonder Noseless Bicycle Seat can make your journeys more pleasant, reduce the risk of chafing and soreness, and help you stay in the saddle longer. Say goodbye to discomfort and hello to a new level of riding comfort with the Spongy Wonder Noseless Bicycle Seat.\",\"publisher\":{\"@id\":\"https:\\\/\\\/spongywonder.com\\\/#organization\"},\"alternateName\":\"Spongy Wonder Bicycle Seat\",\"potentialAction\":[{\"@type\":\"SearchAction\",\"target\":{\"@type\":\"EntryPoint\",\"urlTemplate\":\"https:\\\/\\\/spongywonder.com\\\/?s={search_term_string}\"},\"query-input\":{\"@type\":\"PropertyValueSpecification\",\"valueRequired\":true,\"valueName\":\"search_term_string\"}}],\"inLanguage\":\"it-IT\"},{\"@type\":\"Organization\",\"@id\":\"https:\\\/\\\/spongywonder.com\\\/#organization\",\"name\":\"Spongy Wonder Noseless Bicycle Seat\",\"alternateName\":\"Spongy Wonder Bicycle Seat\",\"url\":\"https:\\\/\\\/spongywonder.com\\\/\",\"logo\":{\"@type\":\"ImageObject\",\"inLanguage\":\"it-IT\",\"@id\":\"https:\\\/\\\/spongywonder.com\\\/#\\\/schema\\\/logo\\\/image\\\/\",\"url\":\"https:\\\/\\\/spongywonder.com\\\/wp-content\\\/uploads\\\/2023\\\/08\\\/Logo_SM_WP.png\",\"contentUrl\":\"https:\\\/\\\/spongywonder.com\\\/wp-content\\\/uploads\\\/2023\\\/08\\\/Logo_SM_WP.png\",\"width\":315,\"height\":52,\"caption\":\"Spongy Wonder Noseless Bicycle Seat\"},\"image\":{\"@id\":\"https:\\\/\\\/spongywonder.com\\\/#\\\/schema\\\/logo\\\/image\\\/\"}}]}<\/script>\n<meta property=\"product:price:amount\" content=\"160.99\" \/>\n<meta property=\"product:price:currency\" content=\"CAD\" \/>\n<meta property=\"og:availability\" content=\"instock\" \/>\n<meta property=\"product:availability\" content=\"instock\" \/>\n<meta property=\"product:retailer_item_id\" content=\"mk10-small-medium\" \/>\n<meta property=\"product:condition\" content=\"new\" \/>\n<!-- \/ Yoast SEO Premium plugin. -->","yoast_head_json":{"title":"Sellino da bicicletta senza naso MK10 S\/M - Spongy Wonder Noseless Bicycle Seat","robots":{"index":"noindex","follow":"follow"},"og_locale":"it_IT","og_type":"article","og_title":"Sellino da bicicletta senza naso MK10 S\/M","og_description":"Cuscini regolabili e aggiornabili. 15 anni di garanzia Costruito da maestri metallurgici canadesi. Materiali americani avanzati Pressione zero su tutti i vasi urologici e neurologici sensibili","og_url":"https:\/\/spongywonder.com\/it\/prodotto\/mk10-noseless-bike-seat-small-medium\/","og_site_name":"Spongy Wonder Noseless Bicycle Seat","article_modified_time":"2025-03-22T15:17:03+00:00","og_image":[{"width":300,"height":200,"url":"https:\/\/spongywonder.com\/wp-content\/uploads\/2023\/08\/BikeSeat-Smaller-2.jpg","type":"image\/jpeg"}],"twitter_card":"summary_large_image","twitter_misc":{"Prezzo":"&#36;160.99","Disponibilit\u00e0":"In stock"},"schema":{"@context":"https:\/\/schema.org","@graph":[{"@type":"WebPage","@id":"https:\/\/spongywonder.com\/it\/prodotto\/mk10-noseless-bike-seat-small-medium\/","url":"https:\/\/spongywonder.com\/it\/prodotto\/mk10-noseless-bike-seat-small-medium\/","name":"Sellino da bicicletta senza naso MK10 S\/M - Spongy Wonder Noseless Bicycle Seat","isPartOf":{"@id":"https:\/\/spongywonder.com\/#website"},"primaryImageOfPage":{"@id":"https:\/\/spongywonder.com\/it\/prodotto\/mk10-noseless-bike-seat-small-medium\/#primaryimage"},"image":{"@id":"https:\/\/spongywonder.com\/it\/prodotto\/mk10-noseless-bike-seat-small-medium\/#primaryimage"},"thumbnailUrl":"https:\/\/spongywonder.com\/wp-content\/uploads\/2023\/08\/BikeSeat-Smaller-2.jpg","datePublished":"2023-09-15T17:13:06+00:00","dateModified":"2025-03-22T15:17:03+00:00","breadcrumb":{"@id":"https:\/\/spongywonder.com\/it\/prodotto\/mk10-noseless-bike-seat-small-medium\/#breadcrumb"},"inLanguage":"it-IT","potentialAction":[{"@type":"ReadAction","target":["https:\/\/spongywonder.com\/it\/prodotto\/mk10-noseless-bike-seat-small-medium\/"]}]},{"@type":"ImageObject","inLanguage":"it-IT","@id":"https:\/\/spongywonder.com\/it\/prodotto\/mk10-noseless-bike-seat-small-medium\/#primaryimage","url":"https:\/\/spongywonder.com\/wp-content\/uploads\/2023\/08\/BikeSeat-Smaller-2.jpg","contentUrl":"https:\/\/spongywonder.com\/wp-content\/uploads\/2023\/08\/BikeSeat-Smaller-2.jpg","width":300,"height":200,"caption":"The Spongy Wonder Noseless Bike Seat is a revolutionary cycling component crafted with correct pressure points that eliminate all damaging and irritating pressures to sensitive urological and neurological vessels. Vist our shop at www.spongywonder.com\/shop or send the inventor an email at\u00a0\u00a0jeff@spongywonder.com"},{"@type":"BreadcrumbList","@id":"https:\/\/spongywonder.com\/it\/prodotto\/mk10-noseless-bike-seat-small-medium\/#breadcrumb","itemListElement":[{"@type":"ListItem","position":1,"name":"Home","item":"https:\/\/spongywonder.com\/it\/"},{"@type":"ListItem","position":2,"name":"Products","item":"https:\/\/spongywonder.com\/shop__trashed\/"},{"@type":"ListItem","position":3,"name":"Sellino da bicicletta senza naso MK10 S\/M"}]},{"@type":"WebSite","@id":"https:\/\/spongywonder.com\/#website","url":"https:\/\/spongywonder.com\/","name":"Spongy Wonder Noseless Bicycle Seat","description":"Whether you&#039;re a casual rider or a dedicated cyclist, the Spongy Wonder Noseless Bicycle Seat can make your journeys more pleasant, reduce the risk of chafing and soreness, and help you stay in the saddle longer. Say goodbye to discomfort and hello to a new level of riding comfort with the Spongy Wonder Noseless Bicycle Seat.","publisher":{"@id":"https:\/\/spongywonder.com\/#organization"},"alternateName":"Spongy Wonder Bicycle Seat","potentialAction":[{"@type":"SearchAction","target":{"@type":"EntryPoint","urlTemplate":"https:\/\/spongywonder.com\/?s={search_term_string}"},"query-input":{"@type":"PropertyValueSpecification","valueRequired":true,"valueName":"search_term_string"}}],"inLanguage":"it-IT"},{"@type":"Organization","@id":"https:\/\/spongywonder.com\/#organization","name":"Spongy Wonder Noseless Bicycle Seat","alternateName":"Spongy Wonder Bicycle Seat","url":"https:\/\/spongywonder.com\/","logo":{"@type":"ImageObject","inLanguage":"it-IT","@id":"https:\/\/spongywonder.com\/#\/schema\/logo\/image\/","url":"https:\/\/spongywonder.com\/wp-content\/uploads\/2023\/08\/Logo_SM_WP.png","contentUrl":"https:\/\/spongywonder.com\/wp-content\/uploads\/2023\/08\/Logo_SM_WP.png","width":315,"height":52,"caption":"Spongy Wonder Noseless Bicycle Seat"},"image":{"@id":"https:\/\/spongywonder.com\/#\/schema\/logo\/image\/"}}]},"product_price_amount":"160.99","product_price_currency":"CAD","og_availability":"instock","product_availability":"instock","product_retailer_item_id":"mk10-small-medium","product_condition":"new"},"_links":{"self":[{"href":"https:\/\/spongywonder.com\/it\/wp-json\/wp\/v2\/product\/16025","targetHints":{"allow":["GET"]}}],"collection":[{"href":"https:\/\/spongywonder.com\/it\/wp-json\/wp\/v2\/product"}],"about":[{"href":"https:\/\/spongywonder.com\/it\/wp-json\/wp\/v2\/types\/product"}],"wp:featuredmedia":[{"embeddable":true,"href":"https:\/\/spongywonder.com\/it\/wp-json\/wp\/v2\/media\/15844"}],"wp:attachment":[{"href":"https:\/\/spongywonder.com\/it\/wp-json\/wp\/v2\/media?parent=16025"}],"wp:term":[{"taxonomy":"product_brand","embeddable":true,"href":"https:\/\/spongywonder.com\/it\/wp-json\/wp\/v2\/product_brand?post=16025"},{"taxonomy":"product_cat","embeddable":true,"href":"https:\/\/spongywonder.com\/it\/wp-json\/wp\/v2\/product_cat?post=16025"},{"taxonomy":"product_tag","embeddable":true,"href":"https:\/\/spongywonder.com\/it\/wp-json\/wp\/v2\/product_tag?post=16025"}],"curies":[{"name":"wp","href":"https:\/\/api.w.org\/{rel}","templated":true}]}}