{"id":16028,"date":"2023-09-15T17:04:37","date_gmt":"2023-09-15T17:04:37","guid":{"rendered":"https:\/\/spongywonder.com\/product\/mk10-noseless-bike-seat-large\/"},"modified":"2025-03-22T15:18:10","modified_gmt":"2025-03-22T15:18:10","slug":"sellino-da-bicicletta-senza-naso-mk10-grande","status":"publish","type":"product","link":"https:\/\/spongywonder.com\/it\/prodotto\/sellino-da-bicicletta-senza-naso-mk10-grande\/","title":{"rendered":"Sellino da bicicletta senza naso MK10 grande"},"content":{"rendered":"\r\n<p><strong>Il seggiolino per bici Spongy Wonder MK10 Large Noseless condivide tutte le stesse caratteristiche del seggiolino per bici MK10 Small\/Medium Noseless. Entrambi sono dotati di cuscini regolabili, sostituibili e aggiornabili.<\/strong><\/p>\r\n<p><strong>La differenza \u00e8 che il MK10 Large fornisce ca. 20% in pi\u00f9 di &#8220;spazio&#8221; per i ciclisti che non sono nella condizione in cui vorrebbero trovarsi, per i ciclisti naturalmente pi\u00f9 grandi, per quelli la cui et\u00e0 pu\u00f2 significare una certa atrofia nei glutei, per le motocicliste pi\u00f9 grandi e per le motocicliste che hanno una bella forma a clessidra.<\/strong><\/p>\r\n<p><strong>Come con i nostri seggiolini per bicicletta senza naso della serie MK10 e MK11 di piccole\/medie dimensioni, tutta la pressione viene scaricata sui vasi urologici e neurologici sensibili.<\/strong><\/p>\r\n<p><strong>Con tutti e 4 i modelli di seggiolini per bici Spongy Wonder Noseless la tua corsa \u00e8 priva di dolore, intorpidimento, formicolio e danni. Che tu stia guidando su strada o fuoristrada, una mountain bike o una bici da strada, una bici da ghiaia o da crociera, una tri-bike o una bici da turismo, qualunque cosa tu guidi, la tua felicit\u00e0 e salute sono protette e migliorate.<\/strong><\/p>\r\n","protected":false},"excerpt":{"rendered":"<ul>\n<li>Cuscini regolabili e aggiornabili.<\/li>\n<li>15 anni di garanzia<\/li>\n<li>Costruito da maestri metallurgici canadesi.<\/li>\n<li>Materiali americani avanzati<\/li>\n<li>Pressione zero su tutti i vasi urologici e neurologici sensibili.<\/li>\n<\/ul>\n","protected":false},"featured_media":15841,"template":"","meta":{"_mi_skip_tracking":false,"_monsterinsights_sitenote_active":false,"_monsterinsights_sitenote_note":"","_monsterinsights_sitenote_category":0},"product_brand":[],"product_cat":[150],"product_tag":[142,143,144],"class_list":{"0":"post-16028","1":"product","2":"type-product","3":"status-publish","4":"has-post-thumbnail","6":"product_cat-mk10-large-it","7":"product_tag-noseless-bicycle-seat-it","8":"product_tag-noseless-bike-seat-it","9":"product_tag-prostate-friendly-bicycle-seat-it","11":"first","12":"instock","13":"featured","14":"taxable","15":"shipping-taxable","16":"purchasable","17":"product-type-simple"},"yoast_head":"<!-- This site is optimized with the Yoast SEO Premium plugin v27.3 (Yoast SEO v27.4) - https:\/\/yoast.com\/product\/yoast-seo-premium-wordpress\/ -->\n<title>Sellino da bicicletta senza naso MK10 grande - Spongy Wonder Noseless Bicycle Seat<\/title>\n<meta name=\"robots\" content=\"noindex, follow\" \/>\n<meta property=\"og:locale\" content=\"it_IT\" \/>\n<meta property=\"og:type\" content=\"article\" \/>\n<meta property=\"og:title\" content=\"Sellino da bicicletta senza naso MK10 grande\" \/>\n<meta property=\"og:description\" content=\"Cuscini regolabili e aggiornabili. 15 anni di garanzia Costruito da maestri metallurgici canadesi. Materiali americani avanzati Pressione zero su tutti i vasi urologici e neurologici sensibili.\" \/>\n<meta property=\"og:url\" content=\"https:\/\/spongywonder.com\/it\/prodotto\/sellino-da-bicicletta-senza-naso-mk10-grande\/\" \/>\n<meta property=\"og:site_name\" content=\"Spongy Wonder Noseless Bicycle Seat\" \/>\n<meta property=\"article:modified_time\" content=\"2025-03-22T15:18:10+00:00\" \/>\n<meta property=\"og:image\" content=\"https:\/\/spongywonder.com\/wp-content\/uploads\/2023\/08\/BikeSeat-Smaller-1.jpg\" \/>\n\t<meta property=\"og:image:width\" content=\"300\" \/>\n\t<meta property=\"og:image:height\" content=\"200\" \/>\n\t<meta property=\"og:image:type\" content=\"image\/jpeg\" \/>\n<meta name=\"twitter:card\" content=\"summary_large_image\" \/>\n<meta name=\"twitter:label1\" content=\"Prezzo\" \/>\n\t<meta name=\"twitter:data1\" content=\"&#036;160.99\" \/>\n\t<meta name=\"twitter:label2\" content=\"Disponibilit\u00e0\" \/>\n\t<meta name=\"twitter:data2\" content=\"In stock\" \/>\n<script type=\"application\/ld+json\" class=\"yoast-schema-graph\">{\"@context\":\"https:\\\/\\\/schema.org\",\"@graph\":[{\"@type\":\"WebPage\",\"@id\":\"https:\\\/\\\/spongywonder.com\\\/it\\\/prodotto\\\/sellino-da-bicicletta-senza-naso-mk10-grande\\\/\",\"url\":\"https:\\\/\\\/spongywonder.com\\\/it\\\/prodotto\\\/sellino-da-bicicletta-senza-naso-mk10-grande\\\/\",\"name\":\"Sellino da bicicletta senza naso MK10 grande - Spongy Wonder Noseless Bicycle Seat\",\"isPartOf\":{\"@id\":\"https:\\\/\\\/spongywonder.com\\\/#website\"},\"primaryImageOfPage\":{\"@id\":\"https:\\\/\\\/spongywonder.com\\\/it\\\/prodotto\\\/sellino-da-bicicletta-senza-naso-mk10-grande\\\/#primaryimage\"},\"image\":{\"@id\":\"https:\\\/\\\/spongywonder.com\\\/it\\\/prodotto\\\/sellino-da-bicicletta-senza-naso-mk10-grande\\\/#primaryimage\"},\"thumbnailUrl\":\"https:\\\/\\\/spongywonder.com\\\/wp-content\\\/uploads\\\/2023\\\/08\\\/BikeSeat-Smaller-1.jpg\",\"datePublished\":\"2023-09-15T17:04:37+00:00\",\"dateModified\":\"2025-03-22T15:18:10+00:00\",\"breadcrumb\":{\"@id\":\"https:\\\/\\\/spongywonder.com\\\/it\\\/prodotto\\\/sellino-da-bicicletta-senza-naso-mk10-grande\\\/#breadcrumb\"},\"inLanguage\":\"it-IT\",\"potentialAction\":[{\"@type\":\"ReadAction\",\"target\":[\"https:\\\/\\\/spongywonder.com\\\/it\\\/prodotto\\\/sellino-da-bicicletta-senza-naso-mk10-grande\\\/\"]}]},{\"@type\":\"ImageObject\",\"inLanguage\":\"it-IT\",\"@id\":\"https:\\\/\\\/spongywonder.com\\\/it\\\/prodotto\\\/sellino-da-bicicletta-senza-naso-mk10-grande\\\/#primaryimage\",\"url\":\"https:\\\/\\\/spongywonder.com\\\/wp-content\\\/uploads\\\/2023\\\/08\\\/BikeSeat-Smaller-1.jpg\",\"contentUrl\":\"https:\\\/\\\/spongywonder.com\\\/wp-content\\\/uploads\\\/2023\\\/08\\\/BikeSeat-Smaller-1.jpg\",\"width\":300,\"height\":200,\"caption\":\"The Spongy Wonder Noseless Bike Seat is a revolutionary cycling component crafted with correct pressure points that eliminate all damaging and irritating pressures to sensitive urological and neurological vessels. Vist our shop at www.spongywonder.com\\\/shop or send the inventor an email at\u00a0 jeff@spongywonder.com\"},{\"@type\":\"BreadcrumbList\",\"@id\":\"https:\\\/\\\/spongywonder.com\\\/it\\\/prodotto\\\/sellino-da-bicicletta-senza-naso-mk10-grande\\\/#breadcrumb\",\"itemListElement\":[{\"@type\":\"ListItem\",\"position\":1,\"name\":\"Home\",\"item\":\"https:\\\/\\\/spongywonder.com\\\/it\\\/\"},{\"@type\":\"ListItem\",\"position\":2,\"name\":\"Products\",\"item\":\"https:\\\/\\\/spongywonder.com\\\/shop__trashed\\\/\"},{\"@type\":\"ListItem\",\"position\":3,\"name\":\"Sellino da bicicletta senza naso MK10 grande\"}]},{\"@type\":\"WebSite\",\"@id\":\"https:\\\/\\\/spongywonder.com\\\/#website\",\"url\":\"https:\\\/\\\/spongywonder.com\\\/\",\"name\":\"Spongy Wonder Noseless Bicycle Seat\",\"description\":\"Whether you&#039;re a casual rider or a dedicated cyclist, the Spongy Wonder Noseless Bicycle Seat can make your journeys more pleasant, reduce the risk of chafing and soreness, and help you stay in the saddle longer. Say goodbye to discomfort and hello to a new level of riding comfort with the Spongy Wonder Noseless Bicycle Seat.\",\"publisher\":{\"@id\":\"https:\\\/\\\/spongywonder.com\\\/#organization\"},\"alternateName\":\"Spongy Wonder Bicycle Seat\",\"potentialAction\":[{\"@type\":\"SearchAction\",\"target\":{\"@type\":\"EntryPoint\",\"urlTemplate\":\"https:\\\/\\\/spongywonder.com\\\/?s={search_term_string}\"},\"query-input\":{\"@type\":\"PropertyValueSpecification\",\"valueRequired\":true,\"valueName\":\"search_term_string\"}}],\"inLanguage\":\"it-IT\"},{\"@type\":\"Organization\",\"@id\":\"https:\\\/\\\/spongywonder.com\\\/#organization\",\"name\":\"Spongy Wonder Noseless Bicycle Seat\",\"alternateName\":\"Spongy Wonder Bicycle Seat\",\"url\":\"https:\\\/\\\/spongywonder.com\\\/\",\"logo\":{\"@type\":\"ImageObject\",\"inLanguage\":\"it-IT\",\"@id\":\"https:\\\/\\\/spongywonder.com\\\/#\\\/schema\\\/logo\\\/image\\\/\",\"url\":\"https:\\\/\\\/spongywonder.com\\\/wp-content\\\/uploads\\\/2023\\\/08\\\/Logo_SM_WP.png\",\"contentUrl\":\"https:\\\/\\\/spongywonder.com\\\/wp-content\\\/uploads\\\/2023\\\/08\\\/Logo_SM_WP.png\",\"width\":315,\"height\":52,\"caption\":\"Spongy Wonder Noseless Bicycle Seat\"},\"image\":{\"@id\":\"https:\\\/\\\/spongywonder.com\\\/#\\\/schema\\\/logo\\\/image\\\/\"}}]}<\/script>\n<meta property=\"product:price:amount\" content=\"160.99\" \/>\n<meta property=\"product:price:currency\" content=\"CAD\" \/>\n<meta property=\"og:availability\" content=\"instock\" \/>\n<meta property=\"product:availability\" content=\"instock\" \/>\n<meta property=\"product:retailer_item_id\" content=\"mk10-large-noseless-bike-seat\" \/>\n<meta property=\"product:condition\" content=\"new\" \/>\n<!-- \/ Yoast SEO Premium plugin. -->","yoast_head_json":{"title":"Sellino da bicicletta senza naso MK10 grande - Spongy Wonder Noseless Bicycle Seat","robots":{"index":"noindex","follow":"follow"},"og_locale":"it_IT","og_type":"article","og_title":"Sellino da bicicletta senza naso MK10 grande","og_description":"Cuscini regolabili e aggiornabili. 15 anni di garanzia Costruito da maestri metallurgici canadesi. Materiali americani avanzati Pressione zero su tutti i vasi urologici e neurologici sensibili.","og_url":"https:\/\/spongywonder.com\/it\/prodotto\/sellino-da-bicicletta-senza-naso-mk10-grande\/","og_site_name":"Spongy Wonder Noseless Bicycle Seat","article_modified_time":"2025-03-22T15:18:10+00:00","og_image":[{"width":300,"height":200,"url":"https:\/\/spongywonder.com\/wp-content\/uploads\/2023\/08\/BikeSeat-Smaller-1.jpg","type":"image\/jpeg"}],"twitter_card":"summary_large_image","twitter_misc":{"Prezzo":"&#36;160.99","Disponibilit\u00e0":"In stock"},"schema":{"@context":"https:\/\/schema.org","@graph":[{"@type":"WebPage","@id":"https:\/\/spongywonder.com\/it\/prodotto\/sellino-da-bicicletta-senza-naso-mk10-grande\/","url":"https:\/\/spongywonder.com\/it\/prodotto\/sellino-da-bicicletta-senza-naso-mk10-grande\/","name":"Sellino da bicicletta senza naso MK10 grande - Spongy Wonder Noseless Bicycle Seat","isPartOf":{"@id":"https:\/\/spongywonder.com\/#website"},"primaryImageOfPage":{"@id":"https:\/\/spongywonder.com\/it\/prodotto\/sellino-da-bicicletta-senza-naso-mk10-grande\/#primaryimage"},"image":{"@id":"https:\/\/spongywonder.com\/it\/prodotto\/sellino-da-bicicletta-senza-naso-mk10-grande\/#primaryimage"},"thumbnailUrl":"https:\/\/spongywonder.com\/wp-content\/uploads\/2023\/08\/BikeSeat-Smaller-1.jpg","datePublished":"2023-09-15T17:04:37+00:00","dateModified":"2025-03-22T15:18:10+00:00","breadcrumb":{"@id":"https:\/\/spongywonder.com\/it\/prodotto\/sellino-da-bicicletta-senza-naso-mk10-grande\/#breadcrumb"},"inLanguage":"it-IT","potentialAction":[{"@type":"ReadAction","target":["https:\/\/spongywonder.com\/it\/prodotto\/sellino-da-bicicletta-senza-naso-mk10-grande\/"]}]},{"@type":"ImageObject","inLanguage":"it-IT","@id":"https:\/\/spongywonder.com\/it\/prodotto\/sellino-da-bicicletta-senza-naso-mk10-grande\/#primaryimage","url":"https:\/\/spongywonder.com\/wp-content\/uploads\/2023\/08\/BikeSeat-Smaller-1.jpg","contentUrl":"https:\/\/spongywonder.com\/wp-content\/uploads\/2023\/08\/BikeSeat-Smaller-1.jpg","width":300,"height":200,"caption":"The Spongy Wonder Noseless Bike Seat is a revolutionary cycling component crafted with correct pressure points that eliminate all damaging and irritating pressures to sensitive urological and neurological vessels. Vist our shop at www.spongywonder.com\/shop or send the inventor an email at\u00a0 jeff@spongywonder.com"},{"@type":"BreadcrumbList","@id":"https:\/\/spongywonder.com\/it\/prodotto\/sellino-da-bicicletta-senza-naso-mk10-grande\/#breadcrumb","itemListElement":[{"@type":"ListItem","position":1,"name":"Home","item":"https:\/\/spongywonder.com\/it\/"},{"@type":"ListItem","position":2,"name":"Products","item":"https:\/\/spongywonder.com\/shop__trashed\/"},{"@type":"ListItem","position":3,"name":"Sellino da bicicletta senza naso MK10 grande"}]},{"@type":"WebSite","@id":"https:\/\/spongywonder.com\/#website","url":"https:\/\/spongywonder.com\/","name":"Spongy Wonder Noseless Bicycle Seat","description":"Whether you&#039;re a casual rider or a dedicated cyclist, the Spongy Wonder Noseless Bicycle Seat can make your journeys more pleasant, reduce the risk of chafing and soreness, and help you stay in the saddle longer. Say goodbye to discomfort and hello to a new level of riding comfort with the Spongy Wonder Noseless Bicycle Seat.","publisher":{"@id":"https:\/\/spongywonder.com\/#organization"},"alternateName":"Spongy Wonder Bicycle Seat","potentialAction":[{"@type":"SearchAction","target":{"@type":"EntryPoint","urlTemplate":"https:\/\/spongywonder.com\/?s={search_term_string}"},"query-input":{"@type":"PropertyValueSpecification","valueRequired":true,"valueName":"search_term_string"}}],"inLanguage":"it-IT"},{"@type":"Organization","@id":"https:\/\/spongywonder.com\/#organization","name":"Spongy Wonder Noseless Bicycle Seat","alternateName":"Spongy Wonder Bicycle Seat","url":"https:\/\/spongywonder.com\/","logo":{"@type":"ImageObject","inLanguage":"it-IT","@id":"https:\/\/spongywonder.com\/#\/schema\/logo\/image\/","url":"https:\/\/spongywonder.com\/wp-content\/uploads\/2023\/08\/Logo_SM_WP.png","contentUrl":"https:\/\/spongywonder.com\/wp-content\/uploads\/2023\/08\/Logo_SM_WP.png","width":315,"height":52,"caption":"Spongy Wonder Noseless Bicycle Seat"},"image":{"@id":"https:\/\/spongywonder.com\/#\/schema\/logo\/image\/"}}]},"product_price_amount":"160.99","product_price_currency":"CAD","og_availability":"instock","product_availability":"instock","product_retailer_item_id":"mk10-large-noseless-bike-seat","product_condition":"new"},"_links":{"self":[{"href":"https:\/\/spongywonder.com\/it\/wp-json\/wp\/v2\/product\/16028","targetHints":{"allow":["GET"]}}],"collection":[{"href":"https:\/\/spongywonder.com\/it\/wp-json\/wp\/v2\/product"}],"about":[{"href":"https:\/\/spongywonder.com\/it\/wp-json\/wp\/v2\/types\/product"}],"wp:featuredmedia":[{"embeddable":true,"href":"https:\/\/spongywonder.com\/it\/wp-json\/wp\/v2\/media\/15841"}],"wp:attachment":[{"href":"https:\/\/spongywonder.com\/it\/wp-json\/wp\/v2\/media?parent=16028"}],"wp:term":[{"taxonomy":"product_brand","embeddable":true,"href":"https:\/\/spongywonder.com\/it\/wp-json\/wp\/v2\/product_brand?post=16028"},{"taxonomy":"product_cat","embeddable":true,"href":"https:\/\/spongywonder.com\/it\/wp-json\/wp\/v2\/product_cat?post=16028"},{"taxonomy":"product_tag","embeddable":true,"href":"https:\/\/spongywonder.com\/it\/wp-json\/wp\/v2\/product_tag?post=16028"}],"curies":[{"name":"wp","href":"https:\/\/api.w.org\/{rel}","templated":true}]}}